{"id":12166,"date":"2024-03-18T13:41:51","date_gmt":"2024-03-18T12:41:51","guid":{"rendered":"https:\/\/proffetional.com\/?page_id=12166"},"modified":"2024-03-18T15:01:57","modified_gmt":"2024-03-18T14:01:57","slug":"maria-luisa-halcon","status":"publish","type":"page","link":"https:\/\/proffetional.com\/en\/maria-luisa-halcon\/","title":{"rendered":"Mar\u00eda Luisa Halc\u00f3n"},"content":{"rendered":"\t\t<div data-elementor-type=\"wp-page\" data-elementor-id=\"12166\" class=\"elementor elementor-12166 elementor-12165\" data-elementor-post-type=\"page\">\n\t\t\t\t\t\t<section class=\"elementor-section elementor-top-section elementor-element elementor-element-1b8b335 elementor-section-boxed elementor-section-height-default elementor-section-height-default\" data-id=\"1b8b335\" data-element_type=\"section\" data-e-type=\"section\" data-settings=\"{&quot;background_background&quot;:&quot;classic&quot;}\">\n\t\t\t\t\t\t<div class=\"elementor-container elementor-column-gap-default\">\n\t\t\t\t\t<div class=\"elementor-column elementor-col-100 elementor-top-column elementor-element elementor-element-4f1b8ab\" data-id=\"4f1b8ab\" data-element_type=\"column\" data-e-type=\"column\">\n\t\t\t<div class=\"elementor-widget-wrap elementor-element-populated\">\n\t\t\t\t\t\t<div class=\"elementor-element elementor-element-5c2a821 elementor-invisible elementor-widget elementor-widget-heading\" data-id=\"5c2a821\" data-element_type=\"widget\" data-e-type=\"widget\" data-settings=\"{&quot;_animation&quot;:&quot;fadeInLeft&quot;,&quot;_animation_mobile&quot;:&quot;none&quot;}\" data-widget_type=\"heading.default\">\n\t\t\t\t<div class=\"elementor-widget-container\">\n\t\t\t\t\t<h3 class=\"elementor-heading-title elementor-size-default\">MANAGEMENT TEAM<\/h3>\t\t\t\t<\/div>\n\t\t\t\t<\/div>\n\t\t\t\t\t<\/div>\n\t\t<\/div>\n\t\t\t\t\t<\/div>\n\t\t<\/section>\n\t\t\t\t<section class=\"elementor-section elementor-top-section elementor-element elementor-element-ca8dd92 elementor-section-boxed elementor-section-height-default elementor-section-height-default\" data-id=\"ca8dd92\" data-element_type=\"section\" data-e-type=\"section\">\n\t\t\t\t\t\t<div class=\"elementor-container elementor-column-gap-default\">\n\t\t\t\t\t<div class=\"elementor-column elementor-col-50 elementor-top-column elementor-element elementor-element-cf5d860\" data-id=\"cf5d860\" data-element_type=\"column\" data-e-type=\"column\">\n\t\t\t<div class=\"elementor-widget-wrap elementor-element-populated\">\n\t\t\t\t\t\t<div class=\"elementor-element elementor-element-83da1d0 elementor-widget elementor-widget-image\" data-id=\"83da1d0\" data-element_type=\"widget\" data-e-type=\"widget\" data-widget_type=\"image.default\">\n\t\t\t\t<div class=\"elementor-widget-container\">\n\t\t\t\t\t\t\t\t\t\t\t\t\t\t\t<img fetchpriority=\"high\" decoding=\"async\" width=\"409\" height=\"545\" src=\"https:\/\/proffetional.com\/wp-content\/uploads\/maria-luisa-color-2-1.jpg\" class=\"attachment-large size-large wp-image-12185\" alt=\"\" \/>\t\t\t\t\t\t\t\t\t\t\t\t\t\t\t<\/div>\n\t\t\t\t<\/div>\n\t\t\t\t<div class=\"elementor-element elementor-element-ff69536 elementor-hidden-desktop elementor-hidden-mobile elementor-invisible elementor-widget elementor-widget-heading\" data-id=\"ff69536\" data-element_type=\"widget\" data-e-type=\"widget\" data-settings=\"{&quot;_animation&quot;:&quot;zoomIn&quot;,&quot;_animation_mobile&quot;:&quot;none&quot;}\" data-widget_type=\"heading.default\">\n\t\t\t\t<div class=\"elementor-widget-container\">\n\t\t\t\t\t<h1 class=\"elementor-heading-title elementor-size-default\">Mar\u00eda Luisa Halc\u00f3n<\/h1>\t\t\t\t<\/div>\n\t\t\t\t<\/div>\n\t\t\t\t<div class=\"elementor-element elementor-element-877ff7f elementor-hidden-desktop elementor-hidden-mobile elementor-widget elementor-widget-heading\" data-id=\"877ff7f\" data-element_type=\"widget\" data-e-type=\"widget\" data-widget_type=\"heading.default\">\n\t\t\t\t<div class=\"elementor-widget-container\">\n\t\t\t\t\t<p class=\"elementor-heading-title elementor-size-default\">Purchasing Manager<\/p>\t\t\t\t<\/div>\n\t\t\t\t<\/div>\n\t\t\t\t\t<\/div>\n\t\t<\/div>\n\t\t\t\t<div class=\"elementor-column elementor-col-50 elementor-top-column elementor-element elementor-element-fb77210\" data-id=\"fb77210\" data-element_type=\"column\" data-e-type=\"column\">\n\t\t\t<div class=\"elementor-widget-wrap elementor-element-populated\">\n\t\t\t\t\t\t<div class=\"elementor-element elementor-element-54f4005 elementor-hidden-tablet elementor-invisible elementor-widget elementor-widget-heading\" data-id=\"54f4005\" data-element_type=\"widget\" data-e-type=\"widget\" data-settings=\"{&quot;_animation&quot;:&quot;zoomIn&quot;,&quot;_animation_mobile&quot;:&quot;none&quot;}\" data-widget_type=\"heading.default\">\n\t\t\t\t<div class=\"elementor-widget-container\">\n\t\t\t\t\t<h1 class=\"elementor-heading-title elementor-size-default\">Mar\u00eda Luisa Halc\u00f3n<\/h1>\t\t\t\t<\/div>\n\t\t\t\t<\/div>\n\t\t\t\t<div class=\"elementor-element elementor-element-0fd1c74 elementor-hidden-tablet elementor-widget elementor-widget-heading\" data-id=\"0fd1c74\" data-element_type=\"widget\" data-e-type=\"widget\" data-widget_type=\"heading.default\">\n\t\t\t\t<div class=\"elementor-widget-container\">\n\t\t\t\t\t<p class=\"elementor-heading-title elementor-size-default\">Purchasing Manager<\/p>\t\t\t\t<\/div>\n\t\t\t\t<\/div>\n\t\t\t\t<div class=\"elementor-element elementor-element-c838eb2 elementor-widget-divider--view-line elementor-widget elementor-widget-divider\" data-id=\"c838eb2\" data-element_type=\"widget\" data-e-type=\"widget\" data-widget_type=\"divider.default\">\n\t\t\t\t<div class=\"elementor-widget-container\">\n\t\t\t\t\t\t\t<div class=\"elementor-divider\">\n\t\t\t<span class=\"elementor-divider-separator\">\n\t\t\t\t\t\t<\/span>\n\t\t<\/div>\n\t\t\t\t\t\t<\/div>\n\t\t\t\t<\/div>\n\t\t\t\t<div class=\"elementor-element elementor-element-91ffcaa elementor-widget elementor-widget-text-editor\" data-id=\"91ffcaa\" data-element_type=\"widget\" data-e-type=\"widget\" data-widget_type=\"text-editor.default\">\n\t\t\t\t<div class=\"elementor-widget-container\">\n\t\t\t\t\t\t\t\t\t<p>Technical Architect by the US, with a Postgraduate Master&#8217;s Degree in Interior Design and Architecture by the UPM, she has more than 22 years of experience in the field of Architecture and Interior Design. For more than 8 years she has managed Departments and Purchasing Teams of both FF&amp;E and Works, all linked to the luxury sector, both nationally and internationally in Europe and Latin America.<\/p>\n<p>Her extensive experience has consolidated a highly qualified profile in negotiation, budgeting and purchasing management, as well as a solid communication and leadership skills for team management.<\/p>\t\t\t\t\t\t\t\t<\/div>\n\t\t\t\t<\/div>\n\t\t\t\t\t<\/div>\n\t\t<\/div>\n\t\t\t\t\t<\/div>\n\t\t<\/section>\n\t\t\t\t<\/div>\n\t\t","protected":false},"excerpt":{"rendered":"<p>MANAGEMENT TEAM Mar\u00eda Luisa Halc\u00f3n Purchasing Manager Mar\u00eda Luisa Halc\u00f3n Purchasing Manager Technical Architect by the US, with a Postgraduate Master&#8217;s Degree in Interior Design and Architecture by the UPM, she has more than 22 years of experience in the field of Architecture and Interior Design. For more than 8 years she has managed Departments &#8230; <a title=\"Mar\u00eda Luisa Halc\u00f3n\" class=\"read-more\" href=\"https:\/\/proffetional.com\/en\/maria-luisa-halcon\/\" aria-label=\"Read more about Mar\u00eda Luisa Halc\u00f3n\">Read more<\/a><\/p>\n","protected":false},"author":1,"featured_media":0,"parent":0,"menu_order":0,"comment_status":"closed","ping_status":"closed","template":"elementor_header_footer","meta":{"_acf_changed":false,"footnotes":""},"class_list":["post-12166","page","type-page","status-publish"],"acf":[],"yoast_head":"<!-- This site is optimized with the Yoast SEO plugin v27.4 - https:\/\/yoast.com\/product\/yoast-seo-wordpress\/ -->\n<title>Mar\u00eda Luisa Halc\u00f3n - Proffetional<\/title>\n<meta name=\"description\" content=\"COO at Professional Group. FF&amp;E and supplier purchases. Project management, national and international hospitality.\" \/>\n<meta name=\"robots\" content=\"index, follow, max-snippet:-1, max-image-preview:large, max-video-preview:-1\" \/>\n<link rel=\"canonical\" href=\"https:\/\/proffetional.com\/en\/maria-luisa-halcon\/\" \/>\n<meta property=\"og:locale\" content=\"en_US\" \/>\n<meta property=\"og:type\" content=\"article\" \/>\n<meta property=\"og:title\" content=\"Mar\u00eda Luisa Halc\u00f3n - Proffetional\" \/>\n<meta property=\"og:description\" content=\"COO at Professional Group. FF&amp;E and supplier purchases. Project management, national and international hospitality.\" \/>\n<meta property=\"og:url\" content=\"https:\/\/proffetional.com\/en\/maria-luisa-halcon\/\" \/>\n<meta property=\"og:site_name\" content=\"Proffetional\" \/>\n<meta property=\"article:publisher\" content=\"https:\/\/www.facebook.com\/ProffetionalGroup\/\" \/>\n<meta property=\"article:modified_time\" content=\"2024-03-18T14:01:57+00:00\" \/>\n<meta property=\"og:image\" content=\"https:\/\/proffetional.com\/wp-content\/uploads\/maria-luisa-color-2-1.jpg\" \/>\n<meta name=\"twitter:card\" content=\"summary_large_image\" \/>\n<meta name=\"twitter:label1\" content=\"Est. reading time\" \/>\n\t<meta name=\"twitter:data1\" content=\"1 minute\" \/>\n<script type=\"application\/ld+json\" class=\"yoast-schema-graph\">{\"@context\":\"https:\\\/\\\/schema.org\",\"@graph\":[{\"@type\":\"WebPage\",\"@id\":\"https:\\\/\\\/proffetional.com\\\/en\\\/maria-luisa-halcon\\\/\",\"url\":\"https:\\\/\\\/proffetional.com\\\/en\\\/maria-luisa-halcon\\\/\",\"name\":\"Mar\u00eda Luisa Halc\u00f3n - Proffetional\",\"isPartOf\":{\"@id\":\"https:\\\/\\\/proffetional.com\\\/en\\\/#website\"},\"primaryImageOfPage\":{\"@id\":\"https:\\\/\\\/proffetional.com\\\/en\\\/maria-luisa-halcon\\\/#primaryimage\"},\"image\":{\"@id\":\"https:\\\/\\\/proffetional.com\\\/en\\\/maria-luisa-halcon\\\/#primaryimage\"},\"thumbnailUrl\":\"https:\\\/\\\/proffetional.com\\\/wp-content\\\/uploads\\\/maria-luisa-color-2-1.jpg\",\"datePublished\":\"2024-03-18T12:41:51+00:00\",\"dateModified\":\"2024-03-18T14:01:57+00:00\",\"description\":\"COO at Professional Group. FF&E and supplier purchases. Project management, national and international hospitality.\",\"breadcrumb\":{\"@id\":\"https:\\\/\\\/proffetional.com\\\/en\\\/maria-luisa-halcon\\\/#breadcrumb\"},\"inLanguage\":\"en-US\",\"potentialAction\":[{\"@type\":\"ReadAction\",\"target\":[\"https:\\\/\\\/proffetional.com\\\/en\\\/maria-luisa-halcon\\\/\"]}]},{\"@type\":\"ImageObject\",\"inLanguage\":\"en-US\",\"@id\":\"https:\\\/\\\/proffetional.com\\\/en\\\/maria-luisa-halcon\\\/#primaryimage\",\"url\":\"https:\\\/\\\/proffetional.com\\\/wp-content\\\/uploads\\\/maria-luisa-color-2-1.jpg\",\"contentUrl\":\"https:\\\/\\\/proffetional.com\\\/wp-content\\\/uploads\\\/maria-luisa-color-2-1.jpg\"},{\"@type\":\"BreadcrumbList\",\"@id\":\"https:\\\/\\\/proffetional.com\\\/en\\\/maria-luisa-halcon\\\/#breadcrumb\",\"itemListElement\":[{\"@type\":\"ListItem\",\"position\":1,\"name\":\"Portada\",\"item\":\"https:\\\/\\\/proffetional.com\\\/en\\\/\"},{\"@type\":\"ListItem\",\"position\":2,\"name\":\"Mar\u00eda Luisa Halc\u00f3n\"}]},{\"@type\":\"WebSite\",\"@id\":\"https:\\\/\\\/proffetional.com\\\/en\\\/#website\",\"url\":\"https:\\\/\\\/proffetional.com\\\/en\\\/\",\"name\":\"Proffetional\",\"description\":\"Empresa l\u00edder en proyectos hoteleros\",\"publisher\":{\"@id\":\"https:\\\/\\\/proffetional.com\\\/en\\\/#organization\"},\"alternateName\":\"Proffetional proyectos hoteleros\",\"potentialAction\":[{\"@type\":\"SearchAction\",\"target\":{\"@type\":\"EntryPoint\",\"urlTemplate\":\"https:\\\/\\\/proffetional.com\\\/en\\\/?s={search_term_string}\"},\"query-input\":{\"@type\":\"PropertyValueSpecification\",\"valueRequired\":true,\"valueName\":\"search_term_string\"}}],\"inLanguage\":\"en-US\"},{\"@type\":\"Organization\",\"@id\":\"https:\\\/\\\/proffetional.com\\\/en\\\/#organization\",\"name\":\"Proffetional Group - Proyectos Hoteleros\",\"alternateName\":\"Proffetional by Proffetional Group\",\"url\":\"https:\\\/\\\/proffetional.com\\\/en\\\/\",\"logo\":{\"@type\":\"ImageObject\",\"inLanguage\":\"en-US\",\"@id\":\"https:\\\/\\\/proffetional.com\\\/en\\\/#\\\/schema\\\/logo\\\/image\\\/\",\"url\":\"https:\\\/\\\/proffetional.com\\\/wp-content\\\/uploads\\\/proffetional-group-webb.png\",\"contentUrl\":\"https:\\\/\\\/proffetional.com\\\/wp-content\\\/uploads\\\/proffetional-group-webb.png\",\"width\":1366,\"height\":768,\"caption\":\"Proffetional Group - Proyectos Hoteleros\"},\"image\":{\"@id\":\"https:\\\/\\\/proffetional.com\\\/en\\\/#\\\/schema\\\/logo\\\/image\\\/\"},\"sameAs\":[\"https:\\\/\\\/www.facebook.com\\\/ProffetionalGroup\\\/\",\"https:\\\/\\\/www.instagram.com\\\/proffetional_group\\\/\",\"https:\\\/\\\/www.linkedin.com\\\/company\\\/proffetional-group\\\/\"]}]}<\/script>\n<!-- \/ Yoast SEO plugin. -->","yoast_head_json":{"title":"Mar\u00eda Luisa Halc\u00f3n - Proffetional","description":"COO at Professional Group. FF&E and supplier purchases. Project management, national and international hospitality.","robots":{"index":"index","follow":"follow","max-snippet":"max-snippet:-1","max-image-preview":"max-image-preview:large","max-video-preview":"max-video-preview:-1"},"canonical":"https:\/\/proffetional.com\/en\/maria-luisa-halcon\/","og_locale":"en_US","og_type":"article","og_title":"Mar\u00eda Luisa Halc\u00f3n - Proffetional","og_description":"COO at Professional Group. FF&E and supplier purchases. Project management, national and international hospitality.","og_url":"https:\/\/proffetional.com\/en\/maria-luisa-halcon\/","og_site_name":"Proffetional","article_publisher":"https:\/\/www.facebook.com\/ProffetionalGroup\/","article_modified_time":"2024-03-18T14:01:57+00:00","og_image":[{"url":"https:\/\/proffetional.com\/wp-content\/uploads\/maria-luisa-color-2-1.jpg","type":"","width":"","height":""}],"twitter_card":"summary_large_image","twitter_misc":{"Est. reading time":"1 minute"},"schema":{"@context":"https:\/\/schema.org","@graph":[{"@type":"WebPage","@id":"https:\/\/proffetional.com\/en\/maria-luisa-halcon\/","url":"https:\/\/proffetional.com\/en\/maria-luisa-halcon\/","name":"Mar\u00eda Luisa Halc\u00f3n - Proffetional","isPartOf":{"@id":"https:\/\/proffetional.com\/en\/#website"},"primaryImageOfPage":{"@id":"https:\/\/proffetional.com\/en\/maria-luisa-halcon\/#primaryimage"},"image":{"@id":"https:\/\/proffetional.com\/en\/maria-luisa-halcon\/#primaryimage"},"thumbnailUrl":"https:\/\/proffetional.com\/wp-content\/uploads\/maria-luisa-color-2-1.jpg","datePublished":"2024-03-18T12:41:51+00:00","dateModified":"2024-03-18T14:01:57+00:00","description":"COO at Professional Group. FF&E and supplier purchases. Project management, national and international hospitality.","breadcrumb":{"@id":"https:\/\/proffetional.com\/en\/maria-luisa-halcon\/#breadcrumb"},"inLanguage":"en-US","potentialAction":[{"@type":"ReadAction","target":["https:\/\/proffetional.com\/en\/maria-luisa-halcon\/"]}]},{"@type":"ImageObject","inLanguage":"en-US","@id":"https:\/\/proffetional.com\/en\/maria-luisa-halcon\/#primaryimage","url":"https:\/\/proffetional.com\/wp-content\/uploads\/maria-luisa-color-2-1.jpg","contentUrl":"https:\/\/proffetional.com\/wp-content\/uploads\/maria-luisa-color-2-1.jpg"},{"@type":"BreadcrumbList","@id":"https:\/\/proffetional.com\/en\/maria-luisa-halcon\/#breadcrumb","itemListElement":[{"@type":"ListItem","position":1,"name":"Portada","item":"https:\/\/proffetional.com\/en\/"},{"@type":"ListItem","position":2,"name":"Mar\u00eda Luisa Halc\u00f3n"}]},{"@type":"WebSite","@id":"https:\/\/proffetional.com\/en\/#website","url":"https:\/\/proffetional.com\/en\/","name":"Proffetional","description":"Empresa l\u00edder en proyectos hoteleros","publisher":{"@id":"https:\/\/proffetional.com\/en\/#organization"},"alternateName":"Proffetional proyectos hoteleros","potentialAction":[{"@type":"SearchAction","target":{"@type":"EntryPoint","urlTemplate":"https:\/\/proffetional.com\/en\/?s={search_term_string}"},"query-input":{"@type":"PropertyValueSpecification","valueRequired":true,"valueName":"search_term_string"}}],"inLanguage":"en-US"},{"@type":"Organization","@id":"https:\/\/proffetional.com\/en\/#organization","name":"Proffetional Group - Proyectos Hoteleros","alternateName":"Proffetional by Proffetional Group","url":"https:\/\/proffetional.com\/en\/","logo":{"@type":"ImageObject","inLanguage":"en-US","@id":"https:\/\/proffetional.com\/en\/#\/schema\/logo\/image\/","url":"https:\/\/proffetional.com\/wp-content\/uploads\/proffetional-group-webb.png","contentUrl":"https:\/\/proffetional.com\/wp-content\/uploads\/proffetional-group-webb.png","width":1366,"height":768,"caption":"Proffetional Group - Proyectos Hoteleros"},"image":{"@id":"https:\/\/proffetional.com\/en\/#\/schema\/logo\/image\/"},"sameAs":["https:\/\/www.facebook.com\/ProffetionalGroup\/","https:\/\/www.instagram.com\/proffetional_group\/","https:\/\/www.linkedin.com\/company\/proffetional-group\/"]}]}},"_links":{"self":[{"href":"https:\/\/proffetional.com\/en\/wp-json\/wp\/v2\/pages\/12166","targetHints":{"allow":["GET"]}}],"collection":[{"href":"https:\/\/proffetional.com\/en\/wp-json\/wp\/v2\/pages"}],"about":[{"href":"https:\/\/proffetional.com\/en\/wp-json\/wp\/v2\/types\/page"}],"author":[{"embeddable":true,"href":"https:\/\/proffetional.com\/en\/wp-json\/wp\/v2\/users\/1"}],"replies":[{"embeddable":true,"href":"https:\/\/proffetional.com\/en\/wp-json\/wp\/v2\/comments?post=12166"}],"version-history":[{"count":5,"href":"https:\/\/proffetional.com\/en\/wp-json\/wp\/v2\/pages\/12166\/revisions"}],"predecessor-version":[{"id":12206,"href":"https:\/\/proffetional.com\/en\/wp-json\/wp\/v2\/pages\/12166\/revisions\/12206"}],"wp:attachment":[{"href":"https:\/\/proffetional.com\/en\/wp-json\/wp\/v2\/media?parent=12166"}],"curies":[{"name":"wp","href":"https:\/\/api.w.org\/{rel}","templated":true}]}}