{"id":8751,"date":"2022-02-16T16:19:39","date_gmt":"2022-02-16T15:19:39","guid":{"rendered":"https:\/\/proffetional.com\/carmen-martin-sanz\/"},"modified":"2024-02-29T15:54:28","modified_gmt":"2024-02-29T14:54:28","slug":"jose-manuel-alvarez","status":"publish","type":"page","link":"https:\/\/proffetional.com\/en\/jose-manuel-alvarez\/","title":{"rendered":"Jos\u00e9 Manuel \u00c1lvarez"},"content":{"rendered":"\t\t<div data-elementor-type=\"wp-page\" data-elementor-id=\"8751\" class=\"elementor elementor-8751 elementor-500\" data-elementor-post-type=\"page\">\n\t\t\t\t\t\t<section class=\"elementor-section elementor-top-section elementor-element elementor-element-3d6f815 elementor-section-boxed elementor-section-height-default elementor-section-height-default\" data-id=\"3d6f815\" data-element_type=\"section\" data-e-type=\"section\" data-settings=\"{&quot;background_background&quot;:&quot;classic&quot;}\">\n\t\t\t\t\t\t<div class=\"elementor-container elementor-column-gap-default\">\n\t\t\t\t\t<div class=\"elementor-column elementor-col-100 elementor-top-column elementor-element elementor-element-42b4925\" data-id=\"42b4925\" data-element_type=\"column\" data-e-type=\"column\">\n\t\t\t<div class=\"elementor-widget-wrap elementor-element-populated\">\n\t\t\t\t\t\t<div class=\"elementor-element elementor-element-69605c2 elementor-invisible elementor-widget elementor-widget-heading\" data-id=\"69605c2\" data-element_type=\"widget\" data-e-type=\"widget\" data-settings=\"{&quot;_animation&quot;:&quot;fadeInLeft&quot;,&quot;_animation_mobile&quot;:&quot;none&quot;}\" data-widget_type=\"heading.default\">\n\t\t\t\t<div class=\"elementor-widget-container\">\n\t\t\t\t\t<h3 class=\"elementor-heading-title elementor-size-default\">MANAGEMENT TEAM<\/h3>\t\t\t\t<\/div>\n\t\t\t\t<\/div>\n\t\t\t\t\t<\/div>\n\t\t<\/div>\n\t\t\t\t\t<\/div>\n\t\t<\/section>\n\t\t\t\t<section class=\"elementor-section elementor-top-section elementor-element elementor-element-5dbbf2d elementor-section-boxed elementor-section-height-default elementor-section-height-default\" data-id=\"5dbbf2d\" data-element_type=\"section\" data-e-type=\"section\">\n\t\t\t\t\t\t<div class=\"elementor-container elementor-column-gap-default\">\n\t\t\t\t\t<div class=\"elementor-column elementor-col-50 elementor-top-column elementor-element elementor-element-8b17ad1\" data-id=\"8b17ad1\" data-element_type=\"column\" data-e-type=\"column\">\n\t\t\t<div class=\"elementor-widget-wrap elementor-element-populated\">\n\t\t\t\t\t\t<div class=\"elementor-element elementor-element-f56a064 elementor-widget elementor-widget-image\" data-id=\"f56a064\" data-element_type=\"widget\" data-e-type=\"widget\" data-widget_type=\"image.default\">\n\t\t\t\t<div class=\"elementor-widget-container\">\n\t\t\t\t\t\t\t\t\t\t\t\t\t\t\t<img fetchpriority=\"high\" decoding=\"async\" width=\"409\" height=\"545\" src=\"https:\/\/proffetional.com\/wp-content\/uploads\/jose-manuel-alvarez.webp\" class=\"attachment-large size-large wp-image-12110\" alt=\"\" \/>\t\t\t\t\t\t\t\t\t\t\t\t\t\t\t<\/div>\n\t\t\t\t<\/div>\n\t\t\t\t<div class=\"elementor-element elementor-element-911f17d elementor-hidden-desktop elementor-hidden-mobile elementor-invisible elementor-widget elementor-widget-heading\" data-id=\"911f17d\" data-element_type=\"widget\" data-e-type=\"widget\" data-settings=\"{&quot;_animation&quot;:&quot;zoomIn&quot;,&quot;_animation_mobile&quot;:&quot;none&quot;}\" data-widget_type=\"heading.default\">\n\t\t\t\t<div class=\"elementor-widget-container\">\n\t\t\t\t\t<h1 class=\"elementor-heading-title elementor-size-default\">JOS\u00c9 MANUEL \u00c1LVAREZ<\/h1>\t\t\t\t<\/div>\n\t\t\t\t<\/div>\n\t\t\t\t<div class=\"elementor-element elementor-element-93ee91e elementor-hidden-desktop elementor-hidden-mobile elementor-widget elementor-widget-heading\" data-id=\"93ee91e\" data-element_type=\"widget\" data-e-type=\"widget\" data-widget_type=\"heading.default\">\n\t\t\t\t<div class=\"elementor-widget-container\">\n\t\t\t\t\t<p class=\"elementor-heading-title elementor-size-default\">Technical Director<\/p>\t\t\t\t<\/div>\n\t\t\t\t<\/div>\n\t\t\t\t\t<\/div>\n\t\t<\/div>\n\t\t\t\t<div class=\"elementor-column elementor-col-50 elementor-top-column elementor-element elementor-element-e6773fc\" data-id=\"e6773fc\" data-element_type=\"column\" data-e-type=\"column\">\n\t\t\t<div class=\"elementor-widget-wrap elementor-element-populated\">\n\t\t\t\t\t\t<div class=\"elementor-element elementor-element-eb3e4d3 elementor-hidden-tablet elementor-invisible elementor-widget elementor-widget-heading\" data-id=\"eb3e4d3\" data-element_type=\"widget\" data-e-type=\"widget\" data-settings=\"{&quot;_animation&quot;:&quot;zoomIn&quot;,&quot;_animation_mobile&quot;:&quot;none&quot;}\" data-widget_type=\"heading.default\">\n\t\t\t\t<div class=\"elementor-widget-container\">\n\t\t\t\t\t<h1 class=\"elementor-heading-title elementor-size-default\">JOS\u00c9 MANUEL \u00c1LVAREZ<\/h1>\t\t\t\t<\/div>\n\t\t\t\t<\/div>\n\t\t\t\t<div class=\"elementor-element elementor-element-0818060 elementor-hidden-tablet elementor-widget elementor-widget-heading\" data-id=\"0818060\" data-element_type=\"widget\" data-e-type=\"widget\" data-widget_type=\"heading.default\">\n\t\t\t\t<div class=\"elementor-widget-container\">\n\t\t\t\t\t<p class=\"elementor-heading-title elementor-size-default\">Technical Director<\/p>\t\t\t\t<\/div>\n\t\t\t\t<\/div>\n\t\t\t\t<div class=\"elementor-element elementor-element-c96c785 elementor-widget-divider--view-line elementor-widget elementor-widget-divider\" data-id=\"c96c785\" data-element_type=\"widget\" data-e-type=\"widget\" data-widget_type=\"divider.default\">\n\t\t\t\t<div class=\"elementor-widget-container\">\n\t\t\t\t\t\t\t<div class=\"elementor-divider\">\n\t\t\t<span class=\"elementor-divider-separator\">\n\t\t\t\t\t\t<\/span>\n\t\t<\/div>\n\t\t\t\t\t\t<\/div>\n\t\t\t\t<\/div>\n\t\t\t\t<div class=\"elementor-element elementor-element-aa3554d elementor-widget elementor-widget-text-editor\" data-id=\"aa3554d\" data-element_type=\"widget\" data-e-type=\"widget\" data-widget_type=\"text-editor.default\">\n\t\t\t\t<div class=\"elementor-widget-container\">\n\t\t\t\t\t\t\t\t\t<p>Technical Engineer of Public Works \/ Civil Engineer with more than 20 years working in construction companies, team management, delegations and projects of different types, both residential building and retail, tertiary, hotel &#8230;.<\/p><p>Responsible for the technical-economic control of the works in Europe, Morocco and LATAM, as well as interlocutor with the properties.<\/p>\t\t\t\t\t\t\t\t<\/div>\n\t\t\t\t<\/div>\n\t\t\t\t\t<\/div>\n\t\t<\/div>\n\t\t\t\t\t<\/div>\n\t\t<\/section>\n\t\t\t\t<\/div>\n\t\t","protected":false},"excerpt":{"rendered":"<p>MANAGEMENT TEAM JOS\u00c9 MANUEL \u00c1LVAREZ Technical Director JOS\u00c9 MANUEL \u00c1LVAREZ Technical Director Technical Engineer of Public Works \/ Civil Engineer with more than 20 years working in construction companies, team management, delegations and projects of different types, both residential building and retail, tertiary, hotel &#8230;. Responsible for the technical-economic control of the works in Europe, &#8230; <a title=\"Jos\u00e9 Manuel \u00c1lvarez\" class=\"read-more\" href=\"https:\/\/proffetional.com\/en\/jose-manuel-alvarez\/\" aria-label=\"Read more about Jos\u00e9 Manuel \u00c1lvarez\">Read more<\/a><\/p>\n","protected":false},"author":1,"featured_media":0,"parent":0,"menu_order":0,"comment_status":"closed","ping_status":"closed","template":"elementor_header_footer","meta":{"_acf_changed":false,"footnotes":""},"class_list":["post-8751","page","type-page","status-publish"],"acf":[],"yoast_head":"<!-- This site is optimized with the Yoast SEO plugin v27.4 - https:\/\/yoast.com\/product\/yoast-seo-wordpress\/ -->\n<title>Jos\u00e9 Manuel \u00c1lvarez - Proffetional<\/title>\n<meta name=\"description\" content=\"Technical Director at Proffetional Group. Technical Engineer of Public Works \/ Civil Engineer with more than 20 years of experience.\" \/>\n<meta name=\"robots\" content=\"index, follow, max-snippet:-1, max-image-preview:large, max-video-preview:-1\" \/>\n<link rel=\"canonical\" href=\"https:\/\/proffetional.com\/en\/jose-manuel-alvarez\/\" \/>\n<meta property=\"og:locale\" content=\"en_US\" \/>\n<meta property=\"og:type\" content=\"article\" \/>\n<meta property=\"og:title\" content=\"Jos\u00e9 Manuel \u00c1lvarez - Proffetional\" \/>\n<meta property=\"og:description\" content=\"Technical Director at Proffetional Group. Technical Engineer of Public Works \/ Civil Engineer with more than 20 years of experience.\" \/>\n<meta property=\"og:url\" content=\"https:\/\/proffetional.com\/en\/jose-manuel-alvarez\/\" \/>\n<meta property=\"og:site_name\" content=\"Proffetional\" \/>\n<meta property=\"article:publisher\" content=\"https:\/\/www.facebook.com\/ProffetionalGroup\/\" \/>\n<meta property=\"article:modified_time\" content=\"2024-02-29T14:54:28+00:00\" \/>\n<meta property=\"og:image\" content=\"https:\/\/proffetional.com\/wp-content\/uploads\/jose-manuel-alvarez.webp\" \/>\n<meta name=\"twitter:card\" content=\"summary_large_image\" \/>\n<meta name=\"twitter:label1\" content=\"Est. reading time\" \/>\n\t<meta name=\"twitter:data1\" content=\"1 minute\" \/>\n<script type=\"application\/ld+json\" class=\"yoast-schema-graph\">{\"@context\":\"https:\\\/\\\/schema.org\",\"@graph\":[{\"@type\":\"WebPage\",\"@id\":\"https:\\\/\\\/proffetional.com\\\/en\\\/jose-manuel-alvarez\\\/\",\"url\":\"https:\\\/\\\/proffetional.com\\\/en\\\/jose-manuel-alvarez\\\/\",\"name\":\"Jos\u00e9 Manuel \u00c1lvarez - Proffetional\",\"isPartOf\":{\"@id\":\"https:\\\/\\\/proffetional.com\\\/en\\\/#website\"},\"primaryImageOfPage\":{\"@id\":\"https:\\\/\\\/proffetional.com\\\/en\\\/jose-manuel-alvarez\\\/#primaryimage\"},\"image\":{\"@id\":\"https:\\\/\\\/proffetional.com\\\/en\\\/jose-manuel-alvarez\\\/#primaryimage\"},\"thumbnailUrl\":\"https:\\\/\\\/proffetional.com\\\/wp-content\\\/uploads\\\/jose-manuel-alvarez.webp\",\"datePublished\":\"2022-02-16T15:19:39+00:00\",\"dateModified\":\"2024-02-29T14:54:28+00:00\",\"description\":\"Technical Director at Proffetional Group. Technical Engineer of Public Works \\\/ Civil Engineer with more than 20 years of experience.\",\"breadcrumb\":{\"@id\":\"https:\\\/\\\/proffetional.com\\\/en\\\/jose-manuel-alvarez\\\/#breadcrumb\"},\"inLanguage\":\"en-US\",\"potentialAction\":[{\"@type\":\"ReadAction\",\"target\":[\"https:\\\/\\\/proffetional.com\\\/en\\\/jose-manuel-alvarez\\\/\"]}]},{\"@type\":\"ImageObject\",\"inLanguage\":\"en-US\",\"@id\":\"https:\\\/\\\/proffetional.com\\\/en\\\/jose-manuel-alvarez\\\/#primaryimage\",\"url\":\"https:\\\/\\\/proffetional.com\\\/wp-content\\\/uploads\\\/jose-manuel-alvarez.webp\",\"contentUrl\":\"https:\\\/\\\/proffetional.com\\\/wp-content\\\/uploads\\\/jose-manuel-alvarez.webp\"},{\"@type\":\"BreadcrumbList\",\"@id\":\"https:\\\/\\\/proffetional.com\\\/en\\\/jose-manuel-alvarez\\\/#breadcrumb\",\"itemListElement\":[{\"@type\":\"ListItem\",\"position\":1,\"name\":\"Portada\",\"item\":\"https:\\\/\\\/proffetional.com\\\/en\\\/\"},{\"@type\":\"ListItem\",\"position\":2,\"name\":\"Jos\u00e9 Manuel \u00c1lvarez\"}]},{\"@type\":\"WebSite\",\"@id\":\"https:\\\/\\\/proffetional.com\\\/en\\\/#website\",\"url\":\"https:\\\/\\\/proffetional.com\\\/en\\\/\",\"name\":\"Proffetional\",\"description\":\"Empresa l\u00edder en proyectos hoteleros\",\"publisher\":{\"@id\":\"https:\\\/\\\/proffetional.com\\\/en\\\/#organization\"},\"alternateName\":\"Proffetional proyectos hoteleros\",\"potentialAction\":[{\"@type\":\"SearchAction\",\"target\":{\"@type\":\"EntryPoint\",\"urlTemplate\":\"https:\\\/\\\/proffetional.com\\\/en\\\/?s={search_term_string}\"},\"query-input\":{\"@type\":\"PropertyValueSpecification\",\"valueRequired\":true,\"valueName\":\"search_term_string\"}}],\"inLanguage\":\"en-US\"},{\"@type\":\"Organization\",\"@id\":\"https:\\\/\\\/proffetional.com\\\/en\\\/#organization\",\"name\":\"Proffetional Group - Proyectos Hoteleros\",\"alternateName\":\"Proffetional by Proffetional Group\",\"url\":\"https:\\\/\\\/proffetional.com\\\/en\\\/\",\"logo\":{\"@type\":\"ImageObject\",\"inLanguage\":\"en-US\",\"@id\":\"https:\\\/\\\/proffetional.com\\\/en\\\/#\\\/schema\\\/logo\\\/image\\\/\",\"url\":\"https:\\\/\\\/proffetional.com\\\/wp-content\\\/uploads\\\/proffetional-group-webb.png\",\"contentUrl\":\"https:\\\/\\\/proffetional.com\\\/wp-content\\\/uploads\\\/proffetional-group-webb.png\",\"width\":1366,\"height\":768,\"caption\":\"Proffetional Group - Proyectos Hoteleros\"},\"image\":{\"@id\":\"https:\\\/\\\/proffetional.com\\\/en\\\/#\\\/schema\\\/logo\\\/image\\\/\"},\"sameAs\":[\"https:\\\/\\\/www.facebook.com\\\/ProffetionalGroup\\\/\",\"https:\\\/\\\/www.instagram.com\\\/proffetional_group\\\/\",\"https:\\\/\\\/www.linkedin.com\\\/company\\\/proffetional-group\\\/\"]}]}<\/script>\n<!-- \/ Yoast SEO plugin. -->","yoast_head_json":{"title":"Jos\u00e9 Manuel \u00c1lvarez - Proffetional","description":"Technical Director at Proffetional Group. Technical Engineer of Public Works \/ Civil Engineer with more than 20 years of experience.","robots":{"index":"index","follow":"follow","max-snippet":"max-snippet:-1","max-image-preview":"max-image-preview:large","max-video-preview":"max-video-preview:-1"},"canonical":"https:\/\/proffetional.com\/en\/jose-manuel-alvarez\/","og_locale":"en_US","og_type":"article","og_title":"Jos\u00e9 Manuel \u00c1lvarez - Proffetional","og_description":"Technical Director at Proffetional Group. Technical Engineer of Public Works \/ Civil Engineer with more than 20 years of experience.","og_url":"https:\/\/proffetional.com\/en\/jose-manuel-alvarez\/","og_site_name":"Proffetional","article_publisher":"https:\/\/www.facebook.com\/ProffetionalGroup\/","article_modified_time":"2024-02-29T14:54:28+00:00","og_image":[{"url":"https:\/\/proffetional.com\/wp-content\/uploads\/jose-manuel-alvarez.webp","type":"","width":"","height":""}],"twitter_card":"summary_large_image","twitter_misc":{"Est. reading time":"1 minute"},"schema":{"@context":"https:\/\/schema.org","@graph":[{"@type":"WebPage","@id":"https:\/\/proffetional.com\/en\/jose-manuel-alvarez\/","url":"https:\/\/proffetional.com\/en\/jose-manuel-alvarez\/","name":"Jos\u00e9 Manuel \u00c1lvarez - Proffetional","isPartOf":{"@id":"https:\/\/proffetional.com\/en\/#website"},"primaryImageOfPage":{"@id":"https:\/\/proffetional.com\/en\/jose-manuel-alvarez\/#primaryimage"},"image":{"@id":"https:\/\/proffetional.com\/en\/jose-manuel-alvarez\/#primaryimage"},"thumbnailUrl":"https:\/\/proffetional.com\/wp-content\/uploads\/jose-manuel-alvarez.webp","datePublished":"2022-02-16T15:19:39+00:00","dateModified":"2024-02-29T14:54:28+00:00","description":"Technical Director at Proffetional Group. Technical Engineer of Public Works \/ Civil Engineer with more than 20 years of experience.","breadcrumb":{"@id":"https:\/\/proffetional.com\/en\/jose-manuel-alvarez\/#breadcrumb"},"inLanguage":"en-US","potentialAction":[{"@type":"ReadAction","target":["https:\/\/proffetional.com\/en\/jose-manuel-alvarez\/"]}]},{"@type":"ImageObject","inLanguage":"en-US","@id":"https:\/\/proffetional.com\/en\/jose-manuel-alvarez\/#primaryimage","url":"https:\/\/proffetional.com\/wp-content\/uploads\/jose-manuel-alvarez.webp","contentUrl":"https:\/\/proffetional.com\/wp-content\/uploads\/jose-manuel-alvarez.webp"},{"@type":"BreadcrumbList","@id":"https:\/\/proffetional.com\/en\/jose-manuel-alvarez\/#breadcrumb","itemListElement":[{"@type":"ListItem","position":1,"name":"Portada","item":"https:\/\/proffetional.com\/en\/"},{"@type":"ListItem","position":2,"name":"Jos\u00e9 Manuel \u00c1lvarez"}]},{"@type":"WebSite","@id":"https:\/\/proffetional.com\/en\/#website","url":"https:\/\/proffetional.com\/en\/","name":"Proffetional","description":"Empresa l\u00edder en proyectos hoteleros","publisher":{"@id":"https:\/\/proffetional.com\/en\/#organization"},"alternateName":"Proffetional proyectos hoteleros","potentialAction":[{"@type":"SearchAction","target":{"@type":"EntryPoint","urlTemplate":"https:\/\/proffetional.com\/en\/?s={search_term_string}"},"query-input":{"@type":"PropertyValueSpecification","valueRequired":true,"valueName":"search_term_string"}}],"inLanguage":"en-US"},{"@type":"Organization","@id":"https:\/\/proffetional.com\/en\/#organization","name":"Proffetional Group - Proyectos Hoteleros","alternateName":"Proffetional by Proffetional Group","url":"https:\/\/proffetional.com\/en\/","logo":{"@type":"ImageObject","inLanguage":"en-US","@id":"https:\/\/proffetional.com\/en\/#\/schema\/logo\/image\/","url":"https:\/\/proffetional.com\/wp-content\/uploads\/proffetional-group-webb.png","contentUrl":"https:\/\/proffetional.com\/wp-content\/uploads\/proffetional-group-webb.png","width":1366,"height":768,"caption":"Proffetional Group - Proyectos Hoteleros"},"image":{"@id":"https:\/\/proffetional.com\/en\/#\/schema\/logo\/image\/"},"sameAs":["https:\/\/www.facebook.com\/ProffetionalGroup\/","https:\/\/www.instagram.com\/proffetional_group\/","https:\/\/www.linkedin.com\/company\/proffetional-group\/"]}]}},"_links":{"self":[{"href":"https:\/\/proffetional.com\/en\/wp-json\/wp\/v2\/pages\/8751","targetHints":{"allow":["GET"]}}],"collection":[{"href":"https:\/\/proffetional.com\/en\/wp-json\/wp\/v2\/pages"}],"about":[{"href":"https:\/\/proffetional.com\/en\/wp-json\/wp\/v2\/types\/page"}],"author":[{"embeddable":true,"href":"https:\/\/proffetional.com\/en\/wp-json\/wp\/v2\/users\/1"}],"replies":[{"embeddable":true,"href":"https:\/\/proffetional.com\/en\/wp-json\/wp\/v2\/comments?post=8751"}],"version-history":[{"count":5,"href":"https:\/\/proffetional.com\/en\/wp-json\/wp\/v2\/pages\/8751\/revisions"}],"predecessor-version":[{"id":12125,"href":"https:\/\/proffetional.com\/en\/wp-json\/wp\/v2\/pages\/8751\/revisions\/12125"}],"wp:attachment":[{"href":"https:\/\/proffetional.com\/en\/wp-json\/wp\/v2\/media?parent=8751"}],"curies":[{"name":"wp","href":"https:\/\/api.w.org\/{rel}","templated":true}]}}