{"id":8753,"date":"2022-02-16T16:21:04","date_gmt":"2022-02-16T15:21:04","guid":{"rendered":"https:\/\/proffetional.com\/antonio-gomez-beginez\/"},"modified":"2024-02-29T15:54:01","modified_gmt":"2024-02-29T14:54:01","slug":"antonio-gomez-beginez","status":"publish","type":"page","link":"https:\/\/proffetional.com\/en\/antonio-gomez-beginez\/","title":{"rendered":"Antonio G\u00f3mez Beg\u00ednez"},"content":{"rendered":"\t\t<div data-elementor-type=\"wp-page\" data-elementor-id=\"8753\" class=\"elementor elementor-8753 elementor-488\" data-elementor-post-type=\"page\">\n\t\t\t\t\t\t<section class=\"elementor-section elementor-top-section elementor-element elementor-element-a0ef716 elementor-section-boxed elementor-section-height-default elementor-section-height-default\" data-id=\"a0ef716\" data-element_type=\"section\" data-e-type=\"section\" data-settings=\"{&quot;background_background&quot;:&quot;classic&quot;}\">\n\t\t\t\t\t\t<div class=\"elementor-container elementor-column-gap-default\">\n\t\t\t\t\t<div class=\"elementor-column elementor-col-100 elementor-top-column elementor-element elementor-element-359a25f\" data-id=\"359a25f\" data-element_type=\"column\" data-e-type=\"column\">\n\t\t\t<div class=\"elementor-widget-wrap elementor-element-populated\">\n\t\t\t\t\t\t<div class=\"elementor-element elementor-element-a2c7306 elementor-invisible elementor-widget elementor-widget-heading\" data-id=\"a2c7306\" data-element_type=\"widget\" data-e-type=\"widget\" data-settings=\"{&quot;_animation&quot;:&quot;fadeInLeft&quot;,&quot;_animation_mobile&quot;:&quot;none&quot;}\" data-widget_type=\"heading.default\">\n\t\t\t\t<div class=\"elementor-widget-container\">\n\t\t\t\t\t<h3 class=\"elementor-heading-title elementor-size-default\">MANAGEMENT TEAM<\/h3>\t\t\t\t<\/div>\n\t\t\t\t<\/div>\n\t\t\t\t\t<\/div>\n\t\t<\/div>\n\t\t\t\t\t<\/div>\n\t\t<\/section>\n\t\t\t\t<section class=\"elementor-section elementor-top-section elementor-element elementor-element-d7081f1 elementor-section-boxed elementor-section-height-default elementor-section-height-default\" data-id=\"d7081f1\" data-element_type=\"section\" data-e-type=\"section\">\n\t\t\t\t\t\t<div class=\"elementor-container elementor-column-gap-default\">\n\t\t\t\t\t<div class=\"elementor-column elementor-col-50 elementor-top-column elementor-element elementor-element-117a1a7\" data-id=\"117a1a7\" data-element_type=\"column\" data-e-type=\"column\">\n\t\t\t<div class=\"elementor-widget-wrap elementor-element-populated\">\n\t\t\t\t\t\t<div class=\"elementor-element elementor-element-74d5e36 elementor-widget elementor-widget-image\" data-id=\"74d5e36\" data-element_type=\"widget\" data-e-type=\"widget\" data-widget_type=\"image.default\">\n\t\t\t\t<div class=\"elementor-widget-container\">\n\t\t\t\t\t\t\t\t\t\t\t\t\t\t\t<img fetchpriority=\"high\" decoding=\"async\" width=\"409\" height=\"545\" src=\"https:\/\/proffetional.com\/wp-content\/uploads\/antonio-gomez.webp\" class=\"attachment-large size-large wp-image-12099\" alt=\"\" \/>\t\t\t\t\t\t\t\t\t\t\t\t\t\t\t<\/div>\n\t\t\t\t<\/div>\n\t\t\t\t<div class=\"elementor-element elementor-element-4e9eaa5 elementor-hidden-desktop elementor-hidden-mobile elementor-invisible elementor-widget elementor-widget-heading\" data-id=\"4e9eaa5\" data-element_type=\"widget\" data-e-type=\"widget\" data-settings=\"{&quot;_animation&quot;:&quot;zoomIn&quot;,&quot;_animation_mobile&quot;:&quot;none&quot;}\" data-widget_type=\"heading.default\">\n\t\t\t\t<div class=\"elementor-widget-container\">\n\t\t\t\t\t<h1 class=\"elementor-heading-title elementor-size-default\">Antonio G\u00f3mez Beg\u00ednez<\/h1>\t\t\t\t<\/div>\n\t\t\t\t<\/div>\n\t\t\t\t<div class=\"elementor-element elementor-element-61e6a4b elementor-hidden-desktop elementor-hidden-mobile elementor-widget elementor-widget-heading\" data-id=\"61e6a4b\" data-element_type=\"widget\" data-e-type=\"widget\" data-widget_type=\"heading.default\">\n\t\t\t\t<div class=\"elementor-widget-container\">\n\t\t\t\t\t<p class=\"elementor-heading-title elementor-size-default\">Financial Director<\/p>\t\t\t\t<\/div>\n\t\t\t\t<\/div>\n\t\t\t\t\t<\/div>\n\t\t<\/div>\n\t\t\t\t<div class=\"elementor-column elementor-col-50 elementor-top-column elementor-element elementor-element-f1e8cdb\" data-id=\"f1e8cdb\" data-element_type=\"column\" data-e-type=\"column\">\n\t\t\t<div class=\"elementor-widget-wrap elementor-element-populated\">\n\t\t\t\t\t\t<div class=\"elementor-element elementor-element-d443108 elementor-hidden-tablet elementor-invisible elementor-widget elementor-widget-heading\" data-id=\"d443108\" data-element_type=\"widget\" data-e-type=\"widget\" data-settings=\"{&quot;_animation&quot;:&quot;zoomIn&quot;,&quot;_animation_mobile&quot;:&quot;none&quot;}\" data-widget_type=\"heading.default\">\n\t\t\t\t<div class=\"elementor-widget-container\">\n\t\t\t\t\t<h1 class=\"elementor-heading-title elementor-size-default\">Antonio G\u00f3mez Beg\u00ednez<\/h1>\t\t\t\t<\/div>\n\t\t\t\t<\/div>\n\t\t\t\t<div class=\"elementor-element elementor-element-ceeb3dd elementor-hidden-tablet elementor-widget elementor-widget-heading\" data-id=\"ceeb3dd\" data-element_type=\"widget\" data-e-type=\"widget\" data-widget_type=\"heading.default\">\n\t\t\t\t<div class=\"elementor-widget-container\">\n\t\t\t\t\t<p class=\"elementor-heading-title elementor-size-default\">Financial Director<\/p>\t\t\t\t<\/div>\n\t\t\t\t<\/div>\n\t\t\t\t<div class=\"elementor-element elementor-element-3011ca5 elementor-widget-divider--view-line elementor-widget elementor-widget-divider\" data-id=\"3011ca5\" data-element_type=\"widget\" data-e-type=\"widget\" data-widget_type=\"divider.default\">\n\t\t\t\t<div class=\"elementor-widget-container\">\n\t\t\t\t\t\t\t<div class=\"elementor-divider\">\n\t\t\t<span class=\"elementor-divider-separator\">\n\t\t\t\t\t\t<\/span>\n\t\t<\/div>\n\t\t\t\t\t\t<\/div>\n\t\t\t\t<\/div>\n\t\t\t\t<div class=\"elementor-element elementor-element-4334157 elementor-widget elementor-widget-text-editor\" data-id=\"4334157\" data-element_type=\"widget\" data-e-type=\"widget\" data-widget_type=\"text-editor.default\">\n\t\t\t\t<div class=\"elementor-widget-container\">\n\t\t\t\t\t\t\t\t\t<p>Graduate of Economics from the University of Seville, complemented by an MBA from CEF. He has extensive experience in management positions in the financial sector of multinational businesses in the field of engineering and construction: Martinsa Fadesa, Abengoa, Isolux and Grupo Empresarial San Jos\u00e9.<\/p><p>Professional career in different locations such as France, the United Arab Emirates, India and French-speaking Africa.<\/p>\t\t\t\t\t\t\t\t<\/div>\n\t\t\t\t<\/div>\n\t\t\t\t\t<\/div>\n\t\t<\/div>\n\t\t\t\t\t<\/div>\n\t\t<\/section>\n\t\t\t\t<\/div>\n\t\t","protected":false},"excerpt":{"rendered":"<p>MANAGEMENT TEAM Antonio G\u00f3mez Beg\u00ednez Financial Director Antonio G\u00f3mez Beg\u00ednez Financial Director Graduate of Economics from the University of Seville, complemented by an MBA from CEF. He has extensive experience in management positions in the financial sector of multinational businesses in the field of engineering and construction: Martinsa Fadesa, Abengoa, Isolux and Grupo Empresarial San &#8230; <a title=\"Antonio G\u00f3mez Beg\u00ednez\" class=\"read-more\" href=\"https:\/\/proffetional.com\/en\/antonio-gomez-beginez\/\" aria-label=\"Read more about Antonio G\u00f3mez Beg\u00ednez\">Read more<\/a><\/p>\n","protected":false},"author":1,"featured_media":0,"parent":0,"menu_order":0,"comment_status":"closed","ping_status":"closed","template":"elementor_header_footer","meta":{"_acf_changed":false,"footnotes":""},"class_list":["post-8753","page","type-page","status-publish"],"acf":[],"yoast_head":"<!-- This site is optimized with the Yoast SEO plugin v27.4 - https:\/\/yoast.com\/product\/yoast-seo-wordpress\/ -->\n<title>Antonio G\u00f3mez Beg\u00ednez - Proffetional<\/title>\n<meta name=\"description\" content=\"Financial Director of Professional Group. Professional career carried out in France, the United Arab Emirates, India and the Francophone African Region.\" \/>\n<meta name=\"robots\" content=\"index, follow, max-snippet:-1, max-image-preview:large, max-video-preview:-1\" \/>\n<link rel=\"canonical\" href=\"https:\/\/proffetional.com\/en\/antonio-gomez-beginez\/\" \/>\n<meta property=\"og:locale\" content=\"en_US\" \/>\n<meta property=\"og:type\" content=\"article\" \/>\n<meta property=\"og:title\" content=\"Antonio G\u00f3mez Beg\u00ednez - Proffetional\" \/>\n<meta property=\"og:description\" content=\"Financial Director of Professional Group. Professional career carried out in France, the United Arab Emirates, India and the Francophone African Region.\" \/>\n<meta property=\"og:url\" content=\"https:\/\/proffetional.com\/en\/antonio-gomez-beginez\/\" \/>\n<meta property=\"og:site_name\" content=\"Proffetional\" \/>\n<meta property=\"article:publisher\" content=\"https:\/\/www.facebook.com\/ProffetionalGroup\/\" \/>\n<meta property=\"article:modified_time\" content=\"2024-02-29T14:54:01+00:00\" \/>\n<meta property=\"og:image\" content=\"https:\/\/proffetional.com\/wp-content\/uploads\/antonio-gomez.webp\" \/>\n<meta name=\"twitter:card\" content=\"summary_large_image\" \/>\n<meta name=\"twitter:label1\" content=\"Est. reading time\" \/>\n\t<meta name=\"twitter:data1\" content=\"1 minute\" \/>\n<script type=\"application\/ld+json\" class=\"yoast-schema-graph\">{\"@context\":\"https:\\\/\\\/schema.org\",\"@graph\":[{\"@type\":\"WebPage\",\"@id\":\"https:\\\/\\\/proffetional.com\\\/en\\\/antonio-gomez-beginez\\\/\",\"url\":\"https:\\\/\\\/proffetional.com\\\/en\\\/antonio-gomez-beginez\\\/\",\"name\":\"Antonio G\u00f3mez Beg\u00ednez - Proffetional\",\"isPartOf\":{\"@id\":\"https:\\\/\\\/proffetional.com\\\/en\\\/#website\"},\"primaryImageOfPage\":{\"@id\":\"https:\\\/\\\/proffetional.com\\\/en\\\/antonio-gomez-beginez\\\/#primaryimage\"},\"image\":{\"@id\":\"https:\\\/\\\/proffetional.com\\\/en\\\/antonio-gomez-beginez\\\/#primaryimage\"},\"thumbnailUrl\":\"https:\\\/\\\/proffetional.com\\\/wp-content\\\/uploads\\\/antonio-gomez.webp\",\"datePublished\":\"2022-02-16T15:21:04+00:00\",\"dateModified\":\"2024-02-29T14:54:01+00:00\",\"description\":\"Financial Director of Professional Group. Professional career carried out in France, the United Arab Emirates, India and the Francophone African Region.\",\"breadcrumb\":{\"@id\":\"https:\\\/\\\/proffetional.com\\\/en\\\/antonio-gomez-beginez\\\/#breadcrumb\"},\"inLanguage\":\"en-US\",\"potentialAction\":[{\"@type\":\"ReadAction\",\"target\":[\"https:\\\/\\\/proffetional.com\\\/en\\\/antonio-gomez-beginez\\\/\"]}]},{\"@type\":\"ImageObject\",\"inLanguage\":\"en-US\",\"@id\":\"https:\\\/\\\/proffetional.com\\\/en\\\/antonio-gomez-beginez\\\/#primaryimage\",\"url\":\"https:\\\/\\\/proffetional.com\\\/wp-content\\\/uploads\\\/antonio-gomez.webp\",\"contentUrl\":\"https:\\\/\\\/proffetional.com\\\/wp-content\\\/uploads\\\/antonio-gomez.webp\"},{\"@type\":\"BreadcrumbList\",\"@id\":\"https:\\\/\\\/proffetional.com\\\/en\\\/antonio-gomez-beginez\\\/#breadcrumb\",\"itemListElement\":[{\"@type\":\"ListItem\",\"position\":1,\"name\":\"Portada\",\"item\":\"https:\\\/\\\/proffetional.com\\\/en\\\/\"},{\"@type\":\"ListItem\",\"position\":2,\"name\":\"Antonio G\u00f3mez Beg\u00ednez\"}]},{\"@type\":\"WebSite\",\"@id\":\"https:\\\/\\\/proffetional.com\\\/en\\\/#website\",\"url\":\"https:\\\/\\\/proffetional.com\\\/en\\\/\",\"name\":\"Proffetional\",\"description\":\"Empresa l\u00edder en proyectos hoteleros\",\"publisher\":{\"@id\":\"https:\\\/\\\/proffetional.com\\\/en\\\/#organization\"},\"alternateName\":\"Proffetional proyectos hoteleros\",\"potentialAction\":[{\"@type\":\"SearchAction\",\"target\":{\"@type\":\"EntryPoint\",\"urlTemplate\":\"https:\\\/\\\/proffetional.com\\\/en\\\/?s={search_term_string}\"},\"query-input\":{\"@type\":\"PropertyValueSpecification\",\"valueRequired\":true,\"valueName\":\"search_term_string\"}}],\"inLanguage\":\"en-US\"},{\"@type\":\"Organization\",\"@id\":\"https:\\\/\\\/proffetional.com\\\/en\\\/#organization\",\"name\":\"Proffetional Group - Proyectos Hoteleros\",\"alternateName\":\"Proffetional by Proffetional Group\",\"url\":\"https:\\\/\\\/proffetional.com\\\/en\\\/\",\"logo\":{\"@type\":\"ImageObject\",\"inLanguage\":\"en-US\",\"@id\":\"https:\\\/\\\/proffetional.com\\\/en\\\/#\\\/schema\\\/logo\\\/image\\\/\",\"url\":\"https:\\\/\\\/proffetional.com\\\/wp-content\\\/uploads\\\/proffetional-group-webb.png\",\"contentUrl\":\"https:\\\/\\\/proffetional.com\\\/wp-content\\\/uploads\\\/proffetional-group-webb.png\",\"width\":1366,\"height\":768,\"caption\":\"Proffetional Group - Proyectos Hoteleros\"},\"image\":{\"@id\":\"https:\\\/\\\/proffetional.com\\\/en\\\/#\\\/schema\\\/logo\\\/image\\\/\"},\"sameAs\":[\"https:\\\/\\\/www.facebook.com\\\/ProffetionalGroup\\\/\",\"https:\\\/\\\/www.instagram.com\\\/proffetional_group\\\/\",\"https:\\\/\\\/www.linkedin.com\\\/company\\\/proffetional-group\\\/\"]}]}<\/script>\n<!-- \/ Yoast SEO plugin. -->","yoast_head_json":{"title":"Antonio G\u00f3mez Beg\u00ednez - Proffetional","description":"Financial Director of Professional Group. Professional career carried out in France, the United Arab Emirates, India and the Francophone African Region.","robots":{"index":"index","follow":"follow","max-snippet":"max-snippet:-1","max-image-preview":"max-image-preview:large","max-video-preview":"max-video-preview:-1"},"canonical":"https:\/\/proffetional.com\/en\/antonio-gomez-beginez\/","og_locale":"en_US","og_type":"article","og_title":"Antonio G\u00f3mez Beg\u00ednez - Proffetional","og_description":"Financial Director of Professional Group. Professional career carried out in France, the United Arab Emirates, India and the Francophone African Region.","og_url":"https:\/\/proffetional.com\/en\/antonio-gomez-beginez\/","og_site_name":"Proffetional","article_publisher":"https:\/\/www.facebook.com\/ProffetionalGroup\/","article_modified_time":"2024-02-29T14:54:01+00:00","og_image":[{"url":"https:\/\/proffetional.com\/wp-content\/uploads\/antonio-gomez.webp","type":"","width":"","height":""}],"twitter_card":"summary_large_image","twitter_misc":{"Est. reading time":"1 minute"},"schema":{"@context":"https:\/\/schema.org","@graph":[{"@type":"WebPage","@id":"https:\/\/proffetional.com\/en\/antonio-gomez-beginez\/","url":"https:\/\/proffetional.com\/en\/antonio-gomez-beginez\/","name":"Antonio G\u00f3mez Beg\u00ednez - Proffetional","isPartOf":{"@id":"https:\/\/proffetional.com\/en\/#website"},"primaryImageOfPage":{"@id":"https:\/\/proffetional.com\/en\/antonio-gomez-beginez\/#primaryimage"},"image":{"@id":"https:\/\/proffetional.com\/en\/antonio-gomez-beginez\/#primaryimage"},"thumbnailUrl":"https:\/\/proffetional.com\/wp-content\/uploads\/antonio-gomez.webp","datePublished":"2022-02-16T15:21:04+00:00","dateModified":"2024-02-29T14:54:01+00:00","description":"Financial Director of Professional Group. Professional career carried out in France, the United Arab Emirates, India and the Francophone African Region.","breadcrumb":{"@id":"https:\/\/proffetional.com\/en\/antonio-gomez-beginez\/#breadcrumb"},"inLanguage":"en-US","potentialAction":[{"@type":"ReadAction","target":["https:\/\/proffetional.com\/en\/antonio-gomez-beginez\/"]}]},{"@type":"ImageObject","inLanguage":"en-US","@id":"https:\/\/proffetional.com\/en\/antonio-gomez-beginez\/#primaryimage","url":"https:\/\/proffetional.com\/wp-content\/uploads\/antonio-gomez.webp","contentUrl":"https:\/\/proffetional.com\/wp-content\/uploads\/antonio-gomez.webp"},{"@type":"BreadcrumbList","@id":"https:\/\/proffetional.com\/en\/antonio-gomez-beginez\/#breadcrumb","itemListElement":[{"@type":"ListItem","position":1,"name":"Portada","item":"https:\/\/proffetional.com\/en\/"},{"@type":"ListItem","position":2,"name":"Antonio G\u00f3mez Beg\u00ednez"}]},{"@type":"WebSite","@id":"https:\/\/proffetional.com\/en\/#website","url":"https:\/\/proffetional.com\/en\/","name":"Proffetional","description":"Empresa l\u00edder en proyectos hoteleros","publisher":{"@id":"https:\/\/proffetional.com\/en\/#organization"},"alternateName":"Proffetional proyectos hoteleros","potentialAction":[{"@type":"SearchAction","target":{"@type":"EntryPoint","urlTemplate":"https:\/\/proffetional.com\/en\/?s={search_term_string}"},"query-input":{"@type":"PropertyValueSpecification","valueRequired":true,"valueName":"search_term_string"}}],"inLanguage":"en-US"},{"@type":"Organization","@id":"https:\/\/proffetional.com\/en\/#organization","name":"Proffetional Group - Proyectos Hoteleros","alternateName":"Proffetional by Proffetional Group","url":"https:\/\/proffetional.com\/en\/","logo":{"@type":"ImageObject","inLanguage":"en-US","@id":"https:\/\/proffetional.com\/en\/#\/schema\/logo\/image\/","url":"https:\/\/proffetional.com\/wp-content\/uploads\/proffetional-group-webb.png","contentUrl":"https:\/\/proffetional.com\/wp-content\/uploads\/proffetional-group-webb.png","width":1366,"height":768,"caption":"Proffetional Group - Proyectos Hoteleros"},"image":{"@id":"https:\/\/proffetional.com\/en\/#\/schema\/logo\/image\/"},"sameAs":["https:\/\/www.facebook.com\/ProffetionalGroup\/","https:\/\/www.instagram.com\/proffetional_group\/","https:\/\/www.linkedin.com\/company\/proffetional-group\/"]}]}},"_links":{"self":[{"href":"https:\/\/proffetional.com\/en\/wp-json\/wp\/v2\/pages\/8753","targetHints":{"allow":["GET"]}}],"collection":[{"href":"https:\/\/proffetional.com\/en\/wp-json\/wp\/v2\/pages"}],"about":[{"href":"https:\/\/proffetional.com\/en\/wp-json\/wp\/v2\/types\/page"}],"author":[{"embeddable":true,"href":"https:\/\/proffetional.com\/en\/wp-json\/wp\/v2\/users\/1"}],"replies":[{"embeddable":true,"href":"https:\/\/proffetional.com\/en\/wp-json\/wp\/v2\/comments?post=8753"}],"version-history":[{"count":5,"href":"https:\/\/proffetional.com\/en\/wp-json\/wp\/v2\/pages\/8753\/revisions"}],"predecessor-version":[{"id":12122,"href":"https:\/\/proffetional.com\/en\/wp-json\/wp\/v2\/pages\/8753\/revisions\/12122"}],"wp:attachment":[{"href":"https:\/\/proffetional.com\/en\/wp-json\/wp\/v2\/media?parent=8753"}],"curies":[{"name":"wp","href":"https:\/\/api.w.org\/{rel}","templated":true}]}}