{"id":8757,"date":"2022-02-16T16:22:22","date_gmt":"2022-02-16T15:22:22","guid":{"rendered":"https:\/\/proffetional.com\/jose-gonzalez-laguillo\/"},"modified":"2024-03-12T10:44:54","modified_gmt":"2024-03-12T09:44:54","slug":"fernado-pena","status":"publish","type":"page","link":"https:\/\/proffetional.com\/en\/fernado-pena\/","title":{"rendered":"Fernando Pe\u00f1a"},"content":{"rendered":"\t\t<div data-elementor-type=\"wp-page\" data-elementor-id=\"8757\" class=\"elementor elementor-8757 elementor-509\" data-elementor-post-type=\"page\">\n\t\t\t\t\t\t<section class=\"elementor-section elementor-top-section elementor-element elementor-element-a3bb857 elementor-section-boxed elementor-section-height-default elementor-section-height-default\" data-id=\"a3bb857\" data-element_type=\"section\" data-e-type=\"section\" data-settings=\"{&quot;background_background&quot;:&quot;classic&quot;}\">\n\t\t\t\t\t\t<div class=\"elementor-container elementor-column-gap-default\">\n\t\t\t\t\t<div class=\"elementor-column elementor-col-100 elementor-top-column elementor-element elementor-element-a534c05\" data-id=\"a534c05\" data-element_type=\"column\" data-e-type=\"column\">\n\t\t\t<div class=\"elementor-widget-wrap elementor-element-populated\">\n\t\t\t\t\t\t<div class=\"elementor-element elementor-element-a4cfe74 elementor-invisible elementor-widget elementor-widget-heading\" data-id=\"a4cfe74\" data-element_type=\"widget\" data-e-type=\"widget\" data-settings=\"{&quot;_animation&quot;:&quot;fadeInLeft&quot;,&quot;_animation_mobile&quot;:&quot;none&quot;}\" data-widget_type=\"heading.default\">\n\t\t\t\t<div class=\"elementor-widget-container\">\n\t\t\t\t\t<h3 class=\"elementor-heading-title elementor-size-default\">MANAGEMENT TEAM<\/h3>\t\t\t\t<\/div>\n\t\t\t\t<\/div>\n\t\t\t\t\t<\/div>\n\t\t<\/div>\n\t\t\t\t\t<\/div>\n\t\t<\/section>\n\t\t\t\t<section class=\"elementor-section elementor-top-section elementor-element elementor-element-787c030 elementor-section-boxed elementor-section-height-default elementor-section-height-default\" data-id=\"787c030\" data-element_type=\"section\" data-e-type=\"section\">\n\t\t\t\t\t\t<div class=\"elementor-container elementor-column-gap-default\">\n\t\t\t\t\t<div class=\"elementor-column elementor-col-50 elementor-top-column elementor-element elementor-element-01e6424\" data-id=\"01e6424\" data-element_type=\"column\" data-e-type=\"column\">\n\t\t\t<div class=\"elementor-widget-wrap elementor-element-populated\">\n\t\t\t\t\t\t<div class=\"elementor-element elementor-element-d53b5f5 elementor-widget elementor-widget-image\" data-id=\"d53b5f5\" data-element_type=\"widget\" data-e-type=\"widget\" data-widget_type=\"image.default\">\n\t\t\t\t<div class=\"elementor-widget-container\">\n\t\t\t\t\t\t\t\t\t\t\t\t\t\t\t<img fetchpriority=\"high\" decoding=\"async\" width=\"409\" height=\"545\" src=\"https:\/\/proffetional.com\/wp-content\/uploads\/fernando-pena.webp\" class=\"attachment-large size-large wp-image-12104\" alt=\"\" \/>\t\t\t\t\t\t\t\t\t\t\t\t\t\t\t<\/div>\n\t\t\t\t<\/div>\n\t\t\t\t<div class=\"elementor-element elementor-element-320823c elementor-hidden-desktop elementor-hidden-mobile elementor-invisible elementor-widget elementor-widget-heading\" data-id=\"320823c\" data-element_type=\"widget\" data-e-type=\"widget\" data-settings=\"{&quot;_animation&quot;:&quot;zoomIn&quot;,&quot;_animation_mobile&quot;:&quot;none&quot;}\" data-widget_type=\"heading.default\">\n\t\t\t\t<div class=\"elementor-widget-container\">\n\t\t\t\t\t<h1 class=\"elementor-heading-title elementor-size-default\">Fernando Pe\u00f1a<\/h1>\t\t\t\t<\/div>\n\t\t\t\t<\/div>\n\t\t\t\t<div class=\"elementor-element elementor-element-4d3b3d5 elementor-hidden-desktop elementor-hidden-mobile elementor-widget elementor-widget-heading\" data-id=\"4d3b3d5\" data-element_type=\"widget\" data-e-type=\"widget\" data-widget_type=\"heading.default\">\n\t\t\t\t<div class=\"elementor-widget-container\">\n\t\t\t\t\t<p class=\"elementor-heading-title elementor-size-default\">Customer and Facilities Manager<\/p>\t\t\t\t<\/div>\n\t\t\t\t<\/div>\n\t\t\t\t\t<\/div>\n\t\t<\/div>\n\t\t\t\t<div class=\"elementor-column elementor-col-50 elementor-top-column elementor-element elementor-element-210c64b\" data-id=\"210c64b\" data-element_type=\"column\" data-e-type=\"column\">\n\t\t\t<div class=\"elementor-widget-wrap elementor-element-populated\">\n\t\t\t\t\t\t<div class=\"elementor-element elementor-element-540f6a7 elementor-hidden-tablet elementor-invisible elementor-widget elementor-widget-heading\" data-id=\"540f6a7\" data-element_type=\"widget\" data-e-type=\"widget\" data-settings=\"{&quot;_animation&quot;:&quot;zoomIn&quot;,&quot;_animation_mobile&quot;:&quot;none&quot;}\" data-widget_type=\"heading.default\">\n\t\t\t\t<div class=\"elementor-widget-container\">\n\t\t\t\t\t<h1 class=\"elementor-heading-title elementor-size-default\">Fernando Pe\u00f1a<\/h1>\t\t\t\t<\/div>\n\t\t\t\t<\/div>\n\t\t\t\t<div class=\"elementor-element elementor-element-fed94f1 elementor-hidden-tablet elementor-widget elementor-widget-heading\" data-id=\"fed94f1\" data-element_type=\"widget\" data-e-type=\"widget\" data-widget_type=\"heading.default\">\n\t\t\t\t<div class=\"elementor-widget-container\">\n\t\t\t\t\t<p class=\"elementor-heading-title elementor-size-default\">Customer and Facilities Manager<\/p>\t\t\t\t<\/div>\n\t\t\t\t<\/div>\n\t\t\t\t<div class=\"elementor-element elementor-element-493a6bc elementor-widget-divider--view-line elementor-widget elementor-widget-divider\" data-id=\"493a6bc\" data-element_type=\"widget\" data-e-type=\"widget\" data-widget_type=\"divider.default\">\n\t\t\t\t<div class=\"elementor-widget-container\">\n\t\t\t\t\t\t\t<div class=\"elementor-divider\">\n\t\t\t<span class=\"elementor-divider-separator\">\n\t\t\t\t\t\t<\/span>\n\t\t<\/div>\n\t\t\t\t\t\t<\/div>\n\t\t\t\t<\/div>\n\t\t\t\t<div class=\"elementor-element elementor-element-bc30de1 elementor-widget elementor-widget-text-editor\" data-id=\"bc30de1\" data-element_type=\"widget\" data-e-type=\"widget\" data-widget_type=\"text-editor.default\">\n\t\t\t\t<div class=\"elementor-widget-container\">\n\t\t\t\t\t\t\t\t\t<p>Fernando Pe\u00f1a is an Architect by the ETSAM, with more than 25 years of experience, he started in the sector of the integral rehabilitation of buildings in residential and hotel projects.<\/p>\n<p>For 12 years he has managed Departments and Project teams for the design, FF&amp;E and integral execution of Hotel reforms for large urban chains and beach resorts; international experience in Europe, Latin America, North Africa and the Middle East.<\/p>\n<p>Great knowledge of team management, suppliers and clients; always looking for excellence to complete all projects on time and quality.<\/p>\n\t\t\t\t\t\t\t\t<\/div>\n\t\t\t\t<\/div>\n\t\t\t\t\t<\/div>\n\t\t<\/div>\n\t\t\t\t\t<\/div>\n\t\t<\/section>\n\t\t\t\t<\/div>\n\t\t","protected":false},"excerpt":{"rendered":"<p>MANAGEMENT TEAM Fernando Pe\u00f1a Customer and Facilities Manager Fernando Pe\u00f1a Customer and Facilities Manager Fernando Pe\u00f1a is an Architect by the ETSAM, with more than 25 years of experience, he started in the sector of the integral rehabilitation of buildings in residential and hotel projects. For 12 years he has managed Departments and Project teams &#8230; <a title=\"Fernando Pe\u00f1a\" class=\"read-more\" href=\"https:\/\/proffetional.com\/en\/fernado-pena\/\" aria-label=\"Read more about Fernando Pe\u00f1a\">Read more<\/a><\/p>\n","protected":false},"author":1,"featured_media":0,"parent":0,"menu_order":0,"comment_status":"closed","ping_status":"closed","template":"elementor_header_footer","meta":{"_acf_changed":false,"footnotes":""},"class_list":["post-8757","page","type-page","status-publish"],"acf":[],"yoast_head":"<!-- This site is optimized with the Yoast SEO plugin v27.5 - https:\/\/yoast.com\/product\/yoast-seo-wordpress\/ -->\n<title>Fernando Pe\u00f1a - Proffetional<\/title>\n<meta name=\"description\" content=\"International Construction Manager at Proffetional Group. Civil Engineer specialized in technical and operational management of construction projects.\" \/>\n<meta name=\"robots\" content=\"index, follow, max-snippet:-1, max-image-preview:large, max-video-preview:-1\" \/>\n<link rel=\"canonical\" href=\"https:\/\/proffetional.com\/en\/fernado-pena\/\" \/>\n<meta property=\"og:locale\" content=\"en_US\" \/>\n<meta property=\"og:type\" content=\"article\" \/>\n<meta property=\"og:title\" content=\"Fernando Pe\u00f1a - Proffetional\" \/>\n<meta property=\"og:description\" content=\"International Construction Manager at Proffetional Group. Civil Engineer specialized in technical and operational management of construction projects.\" \/>\n<meta property=\"og:url\" content=\"https:\/\/proffetional.com\/en\/fernado-pena\/\" \/>\n<meta property=\"og:site_name\" content=\"Proffetional\" \/>\n<meta property=\"article:publisher\" content=\"https:\/\/www.facebook.com\/ProffetionalGroup\/\" \/>\n<meta property=\"article:modified_time\" content=\"2024-03-12T09:44:54+00:00\" \/>\n<meta property=\"og:image\" content=\"https:\/\/proffetional.com\/wp-content\/uploads\/fernando-pena.webp\" \/>\n<meta name=\"twitter:card\" content=\"summary_large_image\" \/>\n<meta name=\"twitter:label1\" content=\"Est. reading time\" \/>\n\t<meta name=\"twitter:data1\" content=\"1 minute\" \/>\n<script type=\"application\/ld+json\" class=\"yoast-schema-graph\">{\"@context\":\"https:\\\/\\\/schema.org\",\"@graph\":[{\"@type\":\"WebPage\",\"@id\":\"https:\\\/\\\/proffetional.com\\\/en\\\/fernado-pena\\\/\",\"url\":\"https:\\\/\\\/proffetional.com\\\/en\\\/fernado-pena\\\/\",\"name\":\"Fernando Pe\u00f1a - Proffetional\",\"isPartOf\":{\"@id\":\"https:\\\/\\\/proffetional.com\\\/en\\\/#website\"},\"primaryImageOfPage\":{\"@id\":\"https:\\\/\\\/proffetional.com\\\/en\\\/fernado-pena\\\/#primaryimage\"},\"image\":{\"@id\":\"https:\\\/\\\/proffetional.com\\\/en\\\/fernado-pena\\\/#primaryimage\"},\"thumbnailUrl\":\"https:\\\/\\\/proffetional.com\\\/wp-content\\\/uploads\\\/fernando-pena.webp\",\"datePublished\":\"2022-02-16T15:22:22+00:00\",\"dateModified\":\"2024-03-12T09:44:54+00:00\",\"description\":\"International Construction Manager at Proffetional Group. Civil Engineer specialized in technical and operational management of construction projects.\",\"breadcrumb\":{\"@id\":\"https:\\\/\\\/proffetional.com\\\/en\\\/fernado-pena\\\/#breadcrumb\"},\"inLanguage\":\"en-US\",\"potentialAction\":[{\"@type\":\"ReadAction\",\"target\":[\"https:\\\/\\\/proffetional.com\\\/en\\\/fernado-pena\\\/\"]}]},{\"@type\":\"ImageObject\",\"inLanguage\":\"en-US\",\"@id\":\"https:\\\/\\\/proffetional.com\\\/en\\\/fernado-pena\\\/#primaryimage\",\"url\":\"https:\\\/\\\/proffetional.com\\\/wp-content\\\/uploads\\\/fernando-pena.webp\",\"contentUrl\":\"https:\\\/\\\/proffetional.com\\\/wp-content\\\/uploads\\\/fernando-pena.webp\"},{\"@type\":\"BreadcrumbList\",\"@id\":\"https:\\\/\\\/proffetional.com\\\/en\\\/fernado-pena\\\/#breadcrumb\",\"itemListElement\":[{\"@type\":\"ListItem\",\"position\":1,\"name\":\"Portada\",\"item\":\"https:\\\/\\\/proffetional.com\\\/en\\\/\"},{\"@type\":\"ListItem\",\"position\":2,\"name\":\"Fernando Pe\u00f1a\"}]},{\"@type\":\"WebSite\",\"@id\":\"https:\\\/\\\/proffetional.com\\\/en\\\/#website\",\"url\":\"https:\\\/\\\/proffetional.com\\\/en\\\/\",\"name\":\"Proffetional\",\"description\":\"Empresa l\u00edder en proyectos hoteleros\",\"publisher\":{\"@id\":\"https:\\\/\\\/proffetional.com\\\/en\\\/#organization\"},\"alternateName\":\"Proffetional proyectos hoteleros\",\"potentialAction\":[{\"@type\":\"SearchAction\",\"target\":{\"@type\":\"EntryPoint\",\"urlTemplate\":\"https:\\\/\\\/proffetional.com\\\/en\\\/?s={search_term_string}\"},\"query-input\":{\"@type\":\"PropertyValueSpecification\",\"valueRequired\":true,\"valueName\":\"search_term_string\"}}],\"inLanguage\":\"en-US\"},{\"@type\":\"Organization\",\"@id\":\"https:\\\/\\\/proffetional.com\\\/en\\\/#organization\",\"name\":\"Proffetional Group - Proyectos Hoteleros\",\"alternateName\":\"Proffetional by Proffetional Group\",\"url\":\"https:\\\/\\\/proffetional.com\\\/en\\\/\",\"logo\":{\"@type\":\"ImageObject\",\"inLanguage\":\"en-US\",\"@id\":\"https:\\\/\\\/proffetional.com\\\/en\\\/#\\\/schema\\\/logo\\\/image\\\/\",\"url\":\"https:\\\/\\\/proffetional.com\\\/wp-content\\\/uploads\\\/proffetional-group-webb.png\",\"contentUrl\":\"https:\\\/\\\/proffetional.com\\\/wp-content\\\/uploads\\\/proffetional-group-webb.png\",\"width\":1366,\"height\":768,\"caption\":\"Proffetional Group - Proyectos Hoteleros\"},\"image\":{\"@id\":\"https:\\\/\\\/proffetional.com\\\/en\\\/#\\\/schema\\\/logo\\\/image\\\/\"},\"sameAs\":[\"https:\\\/\\\/www.facebook.com\\\/ProffetionalGroup\\\/\",\"https:\\\/\\\/www.instagram.com\\\/proffetional_group\\\/\",\"https:\\\/\\\/www.linkedin.com\\\/company\\\/proffetional-group\\\/\"]}]}<\/script>\n<!-- \/ Yoast SEO plugin. -->","yoast_head_json":{"title":"Fernando Pe\u00f1a - Proffetional","description":"International Construction Manager at Proffetional Group. Civil Engineer specialized in technical and operational management of construction projects.","robots":{"index":"index","follow":"follow","max-snippet":"max-snippet:-1","max-image-preview":"max-image-preview:large","max-video-preview":"max-video-preview:-1"},"canonical":"https:\/\/proffetional.com\/en\/fernado-pena\/","og_locale":"en_US","og_type":"article","og_title":"Fernando Pe\u00f1a - Proffetional","og_description":"International Construction Manager at Proffetional Group. Civil Engineer specialized in technical and operational management of construction projects.","og_url":"https:\/\/proffetional.com\/en\/fernado-pena\/","og_site_name":"Proffetional","article_publisher":"https:\/\/www.facebook.com\/ProffetionalGroup\/","article_modified_time":"2024-03-12T09:44:54+00:00","og_image":[{"url":"https:\/\/proffetional.com\/wp-content\/uploads\/fernando-pena.webp","type":"","width":"","height":""}],"twitter_card":"summary_large_image","twitter_misc":{"Est. reading time":"1 minute"},"schema":{"@context":"https:\/\/schema.org","@graph":[{"@type":"WebPage","@id":"https:\/\/proffetional.com\/en\/fernado-pena\/","url":"https:\/\/proffetional.com\/en\/fernado-pena\/","name":"Fernando Pe\u00f1a - Proffetional","isPartOf":{"@id":"https:\/\/proffetional.com\/en\/#website"},"primaryImageOfPage":{"@id":"https:\/\/proffetional.com\/en\/fernado-pena\/#primaryimage"},"image":{"@id":"https:\/\/proffetional.com\/en\/fernado-pena\/#primaryimage"},"thumbnailUrl":"https:\/\/proffetional.com\/wp-content\/uploads\/fernando-pena.webp","datePublished":"2022-02-16T15:22:22+00:00","dateModified":"2024-03-12T09:44:54+00:00","description":"International Construction Manager at Proffetional Group. Civil Engineer specialized in technical and operational management of construction projects.","breadcrumb":{"@id":"https:\/\/proffetional.com\/en\/fernado-pena\/#breadcrumb"},"inLanguage":"en-US","potentialAction":[{"@type":"ReadAction","target":["https:\/\/proffetional.com\/en\/fernado-pena\/"]}]},{"@type":"ImageObject","inLanguage":"en-US","@id":"https:\/\/proffetional.com\/en\/fernado-pena\/#primaryimage","url":"https:\/\/proffetional.com\/wp-content\/uploads\/fernando-pena.webp","contentUrl":"https:\/\/proffetional.com\/wp-content\/uploads\/fernando-pena.webp"},{"@type":"BreadcrumbList","@id":"https:\/\/proffetional.com\/en\/fernado-pena\/#breadcrumb","itemListElement":[{"@type":"ListItem","position":1,"name":"Portada","item":"https:\/\/proffetional.com\/en\/"},{"@type":"ListItem","position":2,"name":"Fernando Pe\u00f1a"}]},{"@type":"WebSite","@id":"https:\/\/proffetional.com\/en\/#website","url":"https:\/\/proffetional.com\/en\/","name":"Proffetional","description":"Empresa l\u00edder en proyectos hoteleros","publisher":{"@id":"https:\/\/proffetional.com\/en\/#organization"},"alternateName":"Proffetional proyectos hoteleros","potentialAction":[{"@type":"SearchAction","target":{"@type":"EntryPoint","urlTemplate":"https:\/\/proffetional.com\/en\/?s={search_term_string}"},"query-input":{"@type":"PropertyValueSpecification","valueRequired":true,"valueName":"search_term_string"}}],"inLanguage":"en-US"},{"@type":"Organization","@id":"https:\/\/proffetional.com\/en\/#organization","name":"Proffetional Group - Proyectos Hoteleros","alternateName":"Proffetional by Proffetional Group","url":"https:\/\/proffetional.com\/en\/","logo":{"@type":"ImageObject","inLanguage":"en-US","@id":"https:\/\/proffetional.com\/en\/#\/schema\/logo\/image\/","url":"https:\/\/proffetional.com\/wp-content\/uploads\/proffetional-group-webb.png","contentUrl":"https:\/\/proffetional.com\/wp-content\/uploads\/proffetional-group-webb.png","width":1366,"height":768,"caption":"Proffetional Group - Proyectos Hoteleros"},"image":{"@id":"https:\/\/proffetional.com\/en\/#\/schema\/logo\/image\/"},"sameAs":["https:\/\/www.facebook.com\/ProffetionalGroup\/","https:\/\/www.instagram.com\/proffetional_group\/","https:\/\/www.linkedin.com\/company\/proffetional-group\/"]}]}},"_links":{"self":[{"href":"https:\/\/proffetional.com\/en\/wp-json\/wp\/v2\/pages\/8757","targetHints":{"allow":["GET"]}}],"collection":[{"href":"https:\/\/proffetional.com\/en\/wp-json\/wp\/v2\/pages"}],"about":[{"href":"https:\/\/proffetional.com\/en\/wp-json\/wp\/v2\/types\/page"}],"author":[{"embeddable":true,"href":"https:\/\/proffetional.com\/en\/wp-json\/wp\/v2\/users\/1"}],"replies":[{"embeddable":true,"href":"https:\/\/proffetional.com\/en\/wp-json\/wp\/v2\/comments?post=8757"}],"version-history":[{"count":5,"href":"https:\/\/proffetional.com\/en\/wp-json\/wp\/v2\/pages\/8757\/revisions"}],"predecessor-version":[{"id":12139,"href":"https:\/\/proffetional.com\/en\/wp-json\/wp\/v2\/pages\/8757\/revisions\/12139"}],"wp:attachment":[{"href":"https:\/\/proffetional.com\/en\/wp-json\/wp\/v2\/media?parent=8757"}],"curies":[{"name":"wp","href":"https:\/\/api.w.org\/{rel}","templated":true}]}}