{"id":9036,"date":"2022-02-17T13:07:20","date_gmt":"2022-02-17T12:07:20","guid":{"rendered":"https:\/\/proffetional.com\/?page_id=9036"},"modified":"2022-02-17T17:24:24","modified_gmt":"2022-02-17T16:24:24","slug":"cookies-policy","status":"publish","type":"page","link":"https:\/\/proffetional.com\/en\/cookies-policy\/","title":{"rendered":"Cookies Policy"},"content":{"rendered":"\t\t<div data-elementor-type=\"wp-page\" data-elementor-id=\"9036\" class=\"elementor elementor-9036 elementor-9035\" data-elementor-post-type=\"page\">\n\t\t\t\t\t\t<section class=\"elementor-section elementor-top-section elementor-element elementor-element-a0ef716 elementor-section-boxed elementor-section-height-default elementor-section-height-default\" data-id=\"a0ef716\" data-element_type=\"section\" data-e-type=\"section\" data-settings=\"{&quot;background_background&quot;:&quot;classic&quot;}\">\n\t\t\t\t\t\t<div class=\"elementor-container elementor-column-gap-default\">\n\t\t\t\t\t<div class=\"elementor-column elementor-col-100 elementor-top-column elementor-element elementor-element-359a25f\" data-id=\"359a25f\" data-element_type=\"column\" data-e-type=\"column\">\n\t\t\t<div class=\"elementor-widget-wrap elementor-element-populated\">\n\t\t\t\t\t\t<div class=\"elementor-element elementor-element-a2c7306 elementor-invisible elementor-widget elementor-widget-heading\" data-id=\"a2c7306\" data-element_type=\"widget\" data-e-type=\"widget\" data-settings=\"{&quot;_animation&quot;:&quot;fadeInLeft&quot;,&quot;_animation_mobile&quot;:&quot;none&quot;}\" data-widget_type=\"heading.default\">\n\t\t\t\t<div class=\"elementor-widget-container\">\n\t\t\t\t\t<h3 class=\"elementor-heading-title elementor-size-default\">COOKIES POLICY<\/h3>\t\t\t\t<\/div>\n\t\t\t\t<\/div>\n\t\t\t\t\t<\/div>\n\t\t<\/div>\n\t\t\t\t\t<\/div>\n\t\t<\/section>\n\t\t\t\t<section class=\"elementor-section elementor-top-section elementor-element elementor-element-dbaf508 elementor-section-boxed elementor-section-height-default elementor-section-height-default\" data-id=\"dbaf508\" data-element_type=\"section\" data-e-type=\"section\">\n\t\t\t\t\t\t<div class=\"elementor-container elementor-column-gap-default\">\n\t\t\t\t\t<div class=\"elementor-column elementor-col-100 elementor-top-column elementor-element elementor-element-79ba6c5\" data-id=\"79ba6c5\" data-element_type=\"column\" data-e-type=\"column\">\n\t\t\t<div class=\"elementor-widget-wrap elementor-element-populated\">\n\t\t\t\t\t\t<div class=\"elementor-element elementor-element-5e7773f elementor-widget elementor-widget-text-editor\" data-id=\"5e7773f\" data-element_type=\"widget\" data-e-type=\"widget\" data-widget_type=\"text-editor.default\">\n\t\t\t\t<div class=\"elementor-widget-container\">\n\t\t\t\t\t\t\t\t\t<p><br \/><span style=\"font-weight: 400;\">El acceso a este Sitio Web <a href=\"https:\/\/proffetional.com\/\">https:\/\/proffetional.com<\/a> puede implicar la utilizaci\u00f3n de cookies. Las cookies son peque\u00f1as cantidades de informaci\u00f3n que se almacenan en el navegador utilizado por cada Usuario \u2014en los distintos dispositivos que pueda utilizar para navegar\u2014 para que el servidor recuerde cierta informaci\u00f3n que posteriormente y \u00fanicamente el servidor que la implement\u00f3 leer\u00e1. Las cookies facilitan la navegaci\u00f3n, la hacen m\u00e1s amigable, y no da\u00f1an el dispositivo de navegaci\u00f3n.<\/span><\/p><p><span style=\"font-weight: 400;\">Las cookies son procedimientos autom\u00e1ticos de recogida de informaci\u00f3n relativa a las preferencias determinadas por el Usuario durante su visita al Sitio Web con el fin de reconocerlo como Usuario, y personalizar su experiencia y el uso del Sitio Web, y pueden tambi\u00e9n, por ejemplo, ayudar a identificar y resolver errores.<\/span><\/p><p><span style=\"font-weight: 400;\">La informaci\u00f3n recabada a trav\u00e9s de las cookies puede incluir la fecha y hora de visitas al Sitio Web, las p\u00e1ginas visionadas, el tiempo que ha estado en el Sitio Web y los sitios visitados justo antes y despu\u00e9s del mismo. Sin embargo, ninguna cookie permite que esta misma pueda contactarse con el n\u00famero de tel\u00e9fono del Usuario o con cualquier otro medio de contacto personal. Ninguna cookie puede extraer informaci\u00f3n del disco duro del Usuario o robar informaci\u00f3n personal. La \u00fanica manera de que la informaci\u00f3n privada del Usuario forme parte del archivo Cookie es que el usuario d\u00e9 personalmente esa informaci\u00f3n al servidor.<\/span><\/p><p><span style=\"font-weight: 400;\">Las cookies que permiten identificar a una persona se consideran datos personales. Por tanto, a las mismas les ser\u00e1 de aplicaci\u00f3n la Pol\u00edtica de Privacidad anteriormente descrita. En este sentido, para la utilizaci\u00f3n de las mismas ser\u00e1 necesario el consentimiento del Usuario. Este consentimiento ser\u00e1 comunicado, en base a una elecci\u00f3n aut\u00e9ntica, ofrecido mediante una decisi\u00f3n afirmativa y positiva, antes del tratamiento inicial, removible y documentado.<\/span><\/p><h3><b>Cookies propias<\/b><\/h3><p><span style=\"font-weight: 400;\">Son aquellas cookies que son enviadas al ordenador o dispositivo del Usuario y gestionadas exclusivamente por para el mejor funcionamiento del Sitio Web. La informaci\u00f3n que se recaba se emplea para mejorar la calidad del Sitio Web y su Contenido y su experiencia como Usuario. Estas cookies permiten reconocer al Usuario como visitante recurrente del Sitio Web y adaptar el contenido para ofrecerle contenidos que se ajusten a sus preferencias.<\/span><\/p><h3><b>Cookies de redes sociales<\/b><\/h3><p><span style=\"font-weight: 400;\">incorpora plugins de redes sociales, que permiten acceder a las mismas a partir del Sitio Web. Por esta raz\u00f3n, las cookies de redes sociales pueden almacenarse en el navegador del Usuario. Los titulares de dichas redes sociales disponen de sus propias pol\u00edticas de protecci\u00f3n de datos y de cookies, siendo ellos mismos, en cada caso, responsables de sus propios ficheros y de sus propias pr\u00e1cticas de privacidad. El Usuario debe referirse a las mismas para informarse acerca de dichas cookies y, en su caso, del tratamiento de sus datos personales. U\u0301nicamente a t\u00edtulo informativo se indican a continuaci\u00f3n los enlaces en los que se pueden consultar dichas pol\u00edticas de privacidad y\/o de cookies:<\/span><\/p><ul><li style=\"font-weight: 400;\" aria-level=\"1\"><span style=\"font-weight: 400;\">Facebook: <\/span><a href=\"https:\/\/www.facebook.com\/policies\/cookies\/\"><span style=\"font-weight: 400;\">https:\/\/www.facebook.com\/policies\/cookies\/<\/span><\/a><\/li><li style=\"font-weight: 400;\" aria-level=\"1\"><span style=\"font-weight: 400;\">Twitter: <\/span><a href=\"https:\/\/twitter.com\/es\/privacy\"><span style=\"font-weight: 400;\">https:\/\/twitter.com\/es\/privacy<\/span><\/a><\/li><li style=\"font-weight: 400;\" aria-level=\"1\"><span style=\"font-weight: 400;\">Instagram: <\/span><a href=\"https:\/\/help.instagram.com\/1896641480634370?ref=ig\"><span style=\"font-weight: 400;\">https:\/\/help.instagram.com\/1896641480634370?ref=ig<\/span><\/a><\/li><li style=\"font-weight: 400;\" aria-level=\"1\"><span style=\"font-weight: 400;\">YouTube: <\/span><a href=\"https:\/\/policies.google.com\/privacy?hl=es-419&amp;gl=mx\"><span style=\"font-weight: 400;\">https:\/\/policies.google.com\/privacy?hl=es-419&amp;gl=mx<\/span><\/a><\/li><li style=\"font-weight: 400;\" aria-level=\"1\"><span style=\"font-weight: 400;\">Pinterest: <\/span><a href=\"https:\/\/policy.pinterest.com\/es\/privacy-policy\"><span style=\"font-weight: 400;\">https:\/\/policy.pinterest.com\/es\/privacy-policy<\/span><\/a><\/li><li style=\"font-weight: 400;\" aria-level=\"1\"><span style=\"font-weight: 400;\">LinkedIn: <\/span><a href=\"https:\/\/www.linkedin.com\/legal\/cookie-policy?trk=hp-cookies\"><span style=\"font-weight: 400;\">https:\/\/www.linkedin.com\/legal\/cookie-policy?trk=hp-cookies<\/span><\/a><\/li><\/ul><p>Cookies utilizadas en esta p\u00e1gina web:\u00a0<\/p><h3><strong>Cookies propias:<\/strong><\/h3><p>wp-settings-1 \/ wp-settings-time-1: Cookies de sesi\u00f3n. Utilizada por WordPress para guardar las preferencias sobre cookies Duraci\u00f3n: Hasta finalizar sesi\u00f3n<br \/>wordpress_test_cookie: Cookies de sesi\u00f3n. Esta cookie se usa para que el gestor de contenidos WordPress compruebe si el navegador tiene las cookies activadas. Hasta finalizar sesi\u00f3n<br \/>moove_gdpr_popup: Cookie de sesi\u00f3n: Esta cookie guarda tu configuraci\u00f3n de cookies. Hasta finalizar sesi\u00f3n<br \/>wordpress_sec: Cookie funcional.Utilizada por WordPress para mantener la sesi\u00f3n para un usuario registrado. Hasta finalizar sesi\u00f3n<br \/>Para m\u00e1s informaci\u00f3n, consulte la p\u00e1gina de Cookies de WordPress: https:\/\/es.wordpress.org\/about\/privacy\/cookies\/<\/p><h3><strong>Cookies de terceros<\/strong><\/h3><p>*Cookies de terceros (Google)<\/p><p>Secure-HSID (duraci\u00f3n: 2 meses)<br \/>Secure-SSID (duraci\u00f3n: 2 meses)<br \/>Secure-APSID (duraci\u00f3n: 2 meses)<br \/>SIDCC (duraci\u00f3n: 1 a\u00f1o),<br \/>LOGIN_INFO(duraci\u00f3n: 2 a\u00f1os)<br \/>HSID,SSID, APISID, SAPISID (duraci\u00f3n: 2 a\u00f1os).<br \/>_Secure3PAPISID (duraci\u00f3n: 2 a\u00f1os)<br \/>*Cookies anal\u00edticas<\/p><p>_ga,_gat, _gat_gtag, _gid, _dc_gtm_UA: Google Analytics. Sirven para analizar la experiencia de navegaci\u00f3n del usuario, y permitirnos mejorar nuestra Web para adaptarnos a tus necesidades. Duraci\u00f3n:_ga: 2 a\u00f1os;_gat, _dc_gtm_UA: duraci\u00f3n de la sesi\u00f3n;_gid: 1 d\u00eda<\/p><h3><b>Deshabilitar, rechazar y eliminar cookies<\/b><\/h3><p><span style=\"font-weight: 400;\">El Usuario puede deshabilitar, rechazar y eliminar las cookies \u2014total o parcialmente\u2014 instaladas en su dispositivo mediante la configuraci\u00f3n de su navegador (entre los que se encuentran, por ejemplo, Chrome, Firefox, Safari, Explorer). En este sentido, los procedimientos para rechazar y eliminar las cookies pueden diferir de un navegador de Internet a otro. En consecuencia, el Usuario debe acudir a las instrucciones facilitadas por el propio navegador de Internet que est\u00e9 utilizando. En el supuesto de que rechace el uso de cookies \u2014total o parcialmente\u2014 podr\u00e1 seguir usando el Sitio Web, si bien podr\u00e1 tener limitada la utilizaci\u00f3n de algunas de las prestaciones del mismo.<\/span><\/p><p><span style=\"font-weight: 400;\">Este documento de Pol\u00edtica de Cookies ha sido creado mediante el generador de <\/span><a href=\"https:\/\/textos-legales.edgartamarit.com\/\"><span style=\"font-weight: 400;\">plantilla de pol\u00edtica de cookies<\/span><\/a><span style=\"font-weight: 400;\"> online el d\u00eda 08\/02\/2022.<\/span><\/p>\t\t\t\t\t\t\t\t<\/div>\n\t\t\t\t<\/div>\n\t\t\t\t\t<\/div>\n\t\t<\/div>\n\t\t\t\t\t<\/div>\n\t\t<\/section>\n\t\t\t\t<section class=\"elementor-section elementor-top-section elementor-element elementor-element-2dd2701 elementor-section-boxed elementor-section-height-default elementor-section-height-default\" data-id=\"2dd2701\" data-element_type=\"section\" data-e-type=\"section\">\n\t\t\t\t\t\t<div class=\"elementor-container elementor-column-gap-default\">\n\t\t\t\t\t<div class=\"elementor-column elementor-col-100 elementor-top-column elementor-element elementor-element-b6bfcc4\" data-id=\"b6bfcc4\" data-element_type=\"column\" data-e-type=\"column\">\n\t\t\t<div class=\"elementor-widget-wrap\">\n\t\t\t\t\t\t\t<\/div>\n\t\t<\/div>\n\t\t\t\t\t<\/div>\n\t\t<\/section>\n\t\t\t\t<\/div>\n\t\t","protected":false},"excerpt":{"rendered":"<p>COOKIES POLICY El acceso a este Sitio Web https:\/\/proffetional.com puede implicar la utilizaci\u00f3n de cookies. Las cookies son peque\u00f1as cantidades de informaci\u00f3n que se almacenan en el navegador utilizado por cada Usuario \u2014en los distintos dispositivos que pueda utilizar para navegar\u2014 para que el servidor recuerde cierta informaci\u00f3n que posteriormente y \u00fanicamente el servidor que &#8230; <a title=\"Cookies Policy\" class=\"read-more\" href=\"https:\/\/proffetional.com\/en\/cookies-policy\/\" aria-label=\"Read more about Cookies Policy\">Read more<\/a><\/p>\n","protected":false},"author":1,"featured_media":0,"parent":0,"menu_order":0,"comment_status":"closed","ping_status":"closed","template":"elementor_header_footer","meta":{"_acf_changed":false,"footnotes":""},"class_list":["post-9036","page","type-page","status-publish"],"acf":[],"yoast_head":"<!-- This site is optimized with the Yoast SEO plugin v27.4 - https:\/\/yoast.com\/product\/yoast-seo-wordpress\/ -->\n<title>Cookies Policy - Proffetional<\/title>\n<meta name=\"robots\" content=\"noindex, nofollow\" \/>\n<meta property=\"og:locale\" content=\"en_US\" \/>\n<meta property=\"og:type\" content=\"article\" \/>\n<meta property=\"og:title\" content=\"Cookies Policy - Proffetional\" \/>\n<meta property=\"og:description\" content=\"COOKIES POLICY El acceso a este Sitio Web https:\/\/proffetional.com puede implicar la utilizaci\u00f3n de cookies. Las cookies son peque\u00f1as cantidades de informaci\u00f3n que se almacenan en el navegador utilizado por cada Usuario \u2014en los distintos dispositivos que pueda utilizar para navegar\u2014 para que el servidor recuerde cierta informaci\u00f3n que posteriormente y \u00fanicamente el servidor que ... Read more\" \/>\n<meta property=\"og:url\" content=\"https:\/\/proffetional.com\/en\/cookies-policy\/\" \/>\n<meta property=\"og:site_name\" content=\"Proffetional\" \/>\n<meta property=\"article:publisher\" content=\"https:\/\/www.facebook.com\/ProffetionalGroup\/\" \/>\n<meta property=\"article:modified_time\" content=\"2022-02-17T16:24:24+00:00\" \/>\n<meta property=\"og:image\" content=\"https:\/\/proffetional.com\/wp-content\/uploads\/proffetional-group-webb.png\" \/>\n\t<meta property=\"og:image:width\" content=\"1366\" \/>\n\t<meta property=\"og:image:height\" content=\"768\" \/>\n\t<meta property=\"og:image:type\" content=\"image\/png\" \/>\n<meta name=\"twitter:card\" content=\"summary_large_image\" \/>\n<meta name=\"twitter:label1\" content=\"Est. reading time\" \/>\n\t<meta name=\"twitter:data1\" content=\"4 minutes\" \/>\n<script type=\"application\/ld+json\" class=\"yoast-schema-graph\">{\"@context\":\"https:\\\/\\\/schema.org\",\"@graph\":[{\"@type\":\"WebPage\",\"@id\":\"https:\\\/\\\/proffetional.com\\\/en\\\/cookies-policy\\\/\",\"url\":\"https:\\\/\\\/proffetional.com\\\/en\\\/cookies-policy\\\/\",\"name\":\"Cookies Policy - Proffetional\",\"isPartOf\":{\"@id\":\"https:\\\/\\\/proffetional.com\\\/en\\\/#website\"},\"datePublished\":\"2022-02-17T12:07:20+00:00\",\"dateModified\":\"2022-02-17T16:24:24+00:00\",\"breadcrumb\":{\"@id\":\"https:\\\/\\\/proffetional.com\\\/en\\\/cookies-policy\\\/#breadcrumb\"},\"inLanguage\":\"en-US\",\"potentialAction\":[{\"@type\":\"ReadAction\",\"target\":[\"https:\\\/\\\/proffetional.com\\\/en\\\/cookies-policy\\\/\"]}]},{\"@type\":\"BreadcrumbList\",\"@id\":\"https:\\\/\\\/proffetional.com\\\/en\\\/cookies-policy\\\/#breadcrumb\",\"itemListElement\":[{\"@type\":\"ListItem\",\"position\":1,\"name\":\"Portada\",\"item\":\"https:\\\/\\\/proffetional.com\\\/en\\\/\"},{\"@type\":\"ListItem\",\"position\":2,\"name\":\"Cookies Policy\"}]},{\"@type\":\"WebSite\",\"@id\":\"https:\\\/\\\/proffetional.com\\\/en\\\/#website\",\"url\":\"https:\\\/\\\/proffetional.com\\\/en\\\/\",\"name\":\"Proffetional\",\"description\":\"Empresa l\u00edder en proyectos hoteleros\",\"publisher\":{\"@id\":\"https:\\\/\\\/proffetional.com\\\/en\\\/#organization\"},\"alternateName\":\"Proffetional proyectos hoteleros\",\"potentialAction\":[{\"@type\":\"SearchAction\",\"target\":{\"@type\":\"EntryPoint\",\"urlTemplate\":\"https:\\\/\\\/proffetional.com\\\/en\\\/?s={search_term_string}\"},\"query-input\":{\"@type\":\"PropertyValueSpecification\",\"valueRequired\":true,\"valueName\":\"search_term_string\"}}],\"inLanguage\":\"en-US\"},{\"@type\":\"Organization\",\"@id\":\"https:\\\/\\\/proffetional.com\\\/en\\\/#organization\",\"name\":\"Proffetional Group - Proyectos Hoteleros\",\"alternateName\":\"Proffetional by Proffetional Group\",\"url\":\"https:\\\/\\\/proffetional.com\\\/en\\\/\",\"logo\":{\"@type\":\"ImageObject\",\"inLanguage\":\"en-US\",\"@id\":\"https:\\\/\\\/proffetional.com\\\/en\\\/#\\\/schema\\\/logo\\\/image\\\/\",\"url\":\"https:\\\/\\\/proffetional.com\\\/wp-content\\\/uploads\\\/proffetional-group-webb.png\",\"contentUrl\":\"https:\\\/\\\/proffetional.com\\\/wp-content\\\/uploads\\\/proffetional-group-webb.png\",\"width\":1366,\"height\":768,\"caption\":\"Proffetional Group - Proyectos Hoteleros\"},\"image\":{\"@id\":\"https:\\\/\\\/proffetional.com\\\/en\\\/#\\\/schema\\\/logo\\\/image\\\/\"},\"sameAs\":[\"https:\\\/\\\/www.facebook.com\\\/ProffetionalGroup\\\/\",\"https:\\\/\\\/www.instagram.com\\\/proffetional_group\\\/\",\"https:\\\/\\\/www.linkedin.com\\\/company\\\/proffetional-group\\\/\"]}]}<\/script>\n<!-- \/ Yoast SEO plugin. -->","yoast_head_json":{"title":"Cookies Policy - Proffetional","robots":{"index":"noindex","follow":"nofollow"},"og_locale":"en_US","og_type":"article","og_title":"Cookies Policy - Proffetional","og_description":"COOKIES POLICY El acceso a este Sitio Web https:\/\/proffetional.com puede implicar la utilizaci\u00f3n de cookies. Las cookies son peque\u00f1as cantidades de informaci\u00f3n que se almacenan en el navegador utilizado por cada Usuario \u2014en los distintos dispositivos que pueda utilizar para navegar\u2014 para que el servidor recuerde cierta informaci\u00f3n que posteriormente y \u00fanicamente el servidor que ... Read more","og_url":"https:\/\/proffetional.com\/en\/cookies-policy\/","og_site_name":"Proffetional","article_publisher":"https:\/\/www.facebook.com\/ProffetionalGroup\/","article_modified_time":"2022-02-17T16:24:24+00:00","og_image":[{"width":1366,"height":768,"url":"https:\/\/proffetional.com\/wp-content\/uploads\/proffetional-group-webb.png","type":"image\/png"}],"twitter_card":"summary_large_image","twitter_misc":{"Est. reading time":"4 minutes"},"schema":{"@context":"https:\/\/schema.org","@graph":[{"@type":"WebPage","@id":"https:\/\/proffetional.com\/en\/cookies-policy\/","url":"https:\/\/proffetional.com\/en\/cookies-policy\/","name":"Cookies Policy - Proffetional","isPartOf":{"@id":"https:\/\/proffetional.com\/en\/#website"},"datePublished":"2022-02-17T12:07:20+00:00","dateModified":"2022-02-17T16:24:24+00:00","breadcrumb":{"@id":"https:\/\/proffetional.com\/en\/cookies-policy\/#breadcrumb"},"inLanguage":"en-US","potentialAction":[{"@type":"ReadAction","target":["https:\/\/proffetional.com\/en\/cookies-policy\/"]}]},{"@type":"BreadcrumbList","@id":"https:\/\/proffetional.com\/en\/cookies-policy\/#breadcrumb","itemListElement":[{"@type":"ListItem","position":1,"name":"Portada","item":"https:\/\/proffetional.com\/en\/"},{"@type":"ListItem","position":2,"name":"Cookies Policy"}]},{"@type":"WebSite","@id":"https:\/\/proffetional.com\/en\/#website","url":"https:\/\/proffetional.com\/en\/","name":"Proffetional","description":"Empresa l\u00edder en proyectos hoteleros","publisher":{"@id":"https:\/\/proffetional.com\/en\/#organization"},"alternateName":"Proffetional proyectos hoteleros","potentialAction":[{"@type":"SearchAction","target":{"@type":"EntryPoint","urlTemplate":"https:\/\/proffetional.com\/en\/?s={search_term_string}"},"query-input":{"@type":"PropertyValueSpecification","valueRequired":true,"valueName":"search_term_string"}}],"inLanguage":"en-US"},{"@type":"Organization","@id":"https:\/\/proffetional.com\/en\/#organization","name":"Proffetional Group - Proyectos Hoteleros","alternateName":"Proffetional by Proffetional Group","url":"https:\/\/proffetional.com\/en\/","logo":{"@type":"ImageObject","inLanguage":"en-US","@id":"https:\/\/proffetional.com\/en\/#\/schema\/logo\/image\/","url":"https:\/\/proffetional.com\/wp-content\/uploads\/proffetional-group-webb.png","contentUrl":"https:\/\/proffetional.com\/wp-content\/uploads\/proffetional-group-webb.png","width":1366,"height":768,"caption":"Proffetional Group - Proyectos Hoteleros"},"image":{"@id":"https:\/\/proffetional.com\/en\/#\/schema\/logo\/image\/"},"sameAs":["https:\/\/www.facebook.com\/ProffetionalGroup\/","https:\/\/www.instagram.com\/proffetional_group\/","https:\/\/www.linkedin.com\/company\/proffetional-group\/"]}]}},"_links":{"self":[{"href":"https:\/\/proffetional.com\/en\/wp-json\/wp\/v2\/pages\/9036","targetHints":{"allow":["GET"]}}],"collection":[{"href":"https:\/\/proffetional.com\/en\/wp-json\/wp\/v2\/pages"}],"about":[{"href":"https:\/\/proffetional.com\/en\/wp-json\/wp\/v2\/types\/page"}],"author":[{"embeddable":true,"href":"https:\/\/proffetional.com\/en\/wp-json\/wp\/v2\/users\/1"}],"replies":[{"embeddable":true,"href":"https:\/\/proffetional.com\/en\/wp-json\/wp\/v2\/comments?post=9036"}],"version-history":[{"count":4,"href":"https:\/\/proffetional.com\/en\/wp-json\/wp\/v2\/pages\/9036\/revisions"}],"predecessor-version":[{"id":9848,"href":"https:\/\/proffetional.com\/en\/wp-json\/wp\/v2\/pages\/9036\/revisions\/9848"}],"wp:attachment":[{"href":"https:\/\/proffetional.com\/en\/wp-json\/wp\/v2\/media?parent=9036"}],"curies":[{"name":"wp","href":"https:\/\/api.w.org\/{rel}","templated":true}]}}